{"id":242441,"date":"2024-07-12T13:27:58","date_gmt":"2024-07-12T11:27:58","guid":{"rendered":"https:\/\/bodensee-promotions.ch\/torqeedo\/?post_type=product&#038;p=242441"},"modified":"2024-07-15T11:44:03","modified_gmt":"2024-07-15T09:44:03","slug":"travel-xp-s-l","status":"publish","type":"product","link":"https:\/\/bodensee-promotions.ch\/torqeedo\/produkt\/travel-xp-s-l\/","title":{"rendered":"Travel XP S\/L"},"content":{"rendered":"<p>\n    Starke Leistung: Der Travel XP bietet 44 % mehr Schub als das Travel-Standardmodell und ist damit ideal f\u00fcr gr\u00f6\u00dfere Boote und anspruchsvolle Bedingungen.<br \/>\n    5-PS-\u00c4quivalent: Mit einer elektrischen Leistung von 1600 W bietet der Travel XP die gleiche Schubkraft wie ein 5-PS-Au\u00dfenbordmotor und gew\u00e4hrleistet so eine effiziente und zuverl\u00e4ssige Performance.<br \/>\n    Leicht und tragbar: Der Travel XP Motor wiegt nur 12,6 kg und ist daher leicht zu handhaben und zu installieren.<br \/>\n    Lithium-Batterie: Der Travel XP ist mit einem leistungsstarken 1425-Wh-Lithium-Batteriepack (9,6 kg) erh\u00e4ltlich, das einfach zu bedienen ist und verschiedene Ladeoptionen unterst\u00fctzt, einschlie\u00dflich Solarstrom.<br \/>\n    Emissionsfreies Bootfahren: Erleben Sie mit dem Travel XP emissionsfreies und umweltfreundliches Bootfahren und leisten Sie so einen Beitrag zu einer saubereren und gr\u00fcneren Umwelt.<br \/>\n    Schaftl\u00e4nge: 62,5cm (Travel S), 75cm (Travel L)<br \/>\n    Verf\u00fcgbar mit Pinnensteuerung (Typ T) oder Fernbedienung (Typ R)<\/p>\n<p>Gr\u00f6\u00dferes Boot? Schwierigere Bedingungen? Sehen Sie sich das Power Package an! Der Travel XP ist das Herzst\u00fcck des Power Package. Mit 25 % mehr Schubkraft als der Travel gibt er Ihnen genau das, was Sie brauchen. Mit 1600 W reiner elektrischer Leistung ist der Travel XP der leistungsst\u00e4rkste Au\u00dfenborder mit integrierter Batterie, der auf dem freien Markt erh\u00e4ltlich ist. Dieser 5-PS-Au\u00dfenborder mit hoher Schubkraft eignet sich perfekt f\u00fcr schwerere Boote bis zu 2 Tonnen oder anspruchsvollere Anwendungen in K\u00fcstengew\u00e4ssern, starken Wind und hohe Wellen. Der extrem leise und zuverl\u00e4ssige Direktantriebsmotor ist mit nur 12,6 kg besonders leicht und einfach zu handhaben. Au\u00dferdem ist das System einfach zu installieren und zu bedienen: mit einem stabilen Griff am Schaftkopf, einem praktischen Hebel f\u00fcr die schnelle Einstellung der Lenkung (360\u00b0 \/\/ \u00b160\u00b0 \/\/ fest) und flexiblen Neigungs- und Trimmpositionen. Emissionsfreies Bootfahren hat gerade erst begonnen \u2013 erleben Sie den Travel XP noch heute!<\/p>\n","protected":false},"excerpt":{"rendered":"<p>    Artikelnummer: 1163-00  | EAN: 4260113697375<\/p>\n<p>        Lieferumfang: Au\u00dfenborder mit Pinnensteuerung (Control Type T) bzw. Fernlenkung mit TorqLink Fahrhebel (Control Type R, 1976-00), Not-Aus-Magnetchip (1978-00), Ladeger\u00e4t 180W (7012-00), Propeller 11&#215;8 WDR (7070-00), Wellenanode f\u00fcr Motorwelle, Finne, Betriebsanleitung<br \/>\n    Garantie: 2 Jahre bei privater Nutzung<\/p>\n<p><a href=\"https:\/\/www.torqeedo.com\/de\/produkte\/aussenborder\/travel\/travel-xp\/M-1162-00.html\" target=\"_blank\" rel=\"noopener noreferrer\">Weitere Informationen und Produktedetails auf der Torqeedo Webseite<\/a><\/p>\n","protected":false},"featured_media":242447,"template":"","meta":{"_et_pb_use_builder":"","_et_pb_old_content":"","_et_gb_content_width":""},"product_brand":[],"product_cat":[17,16,19],"product_tag":[],"class_list":{"0":"post-242441","1":"product","2":"type-product","3":"status-publish","4":"has-post-thumbnail","6":"product_cat-aussenborder","7":"product_cat-torqeedo-elektromotoren","8":"product_cat-travel","10":"first","11":"instock","12":"taxable","13":"shipping-taxable","14":"purchasable","15":"product-type-variable"},"yoast_head":"<!-- This site is optimized with the Yoast SEO plugin v25.5 - https:\/\/yoast.com\/wordpress\/plugins\/seo\/ -->\n<title>Travel XP S\/L - Torqeedo Elektromotoren<\/title>\n<meta name=\"robots\" content=\"index, follow, max-snippet:-1, max-image-preview:large, max-video-preview:-1\" \/>\n<link rel=\"canonical\" href=\"https:\/\/bodensee-promotions.ch\/torqeedo\/produkt\/travel-xp-s-l\/\" \/>\n<meta property=\"og:locale\" content=\"de_DE\" \/>\n<meta property=\"og:type\" content=\"article\" \/>\n<meta property=\"og:title\" content=\"Travel XP S\/L - Torqeedo Elektromotoren\" \/>\n<meta property=\"og:description\" content=\"Artikelnummer: 1163-00 | EAN: 4260113697375      Lieferumfang: Au\u00dfenborder mit Pinnensteuerung (Control Type T) bzw. Fernlenkung mit TorqLink Fahrhebel (Control Type R, 1976-00), Not-Aus-Magnetchip (1978-00), Ladeger\u00e4t 180W (7012-00), Propeller 11x8 WDR (7070-00), Wellenanode f\u00fcr Motorwelle, Finne, Betriebsanleitung   Garantie: 2 Jahre bei privater Nutzung  Weitere Informationen und Produktedetails auf der Torqeedo Webseite\" \/>\n<meta property=\"og:url\" content=\"https:\/\/bodensee-promotions.ch\/torqeedo\/produkt\/travel-xp-s-l\/\" \/>\n<meta property=\"og:site_name\" content=\"Torqeedo Elektromotoren\" \/>\n<meta property=\"article:modified_time\" content=\"2024-07-15T09:44:03+00:00\" \/>\n<meta property=\"og:image\" content=\"https:\/\/bodensee-promotions.ch\/torqeedo\/wp-content\/uploads\/sites\/3\/2024\/07\/torqeedo-travel-xp-1200x1200-1-1.jpg\" \/>\n\t<meta property=\"og:image:width\" content=\"1200\" \/>\n\t<meta property=\"og:image:height\" content=\"1200\" \/>\n\t<meta property=\"og:image:type\" content=\"image\/jpeg\" \/>\n<meta name=\"twitter:card\" content=\"summary_large_image\" \/>\n<meta name=\"twitter:label1\" content=\"Gesch\u00e4tzte Lesezeit\" \/>\n\t<meta name=\"twitter:data1\" content=\"2\u00a0Minuten\" \/>\n<script type=\"application\/ld+json\" class=\"yoast-schema-graph\">{\"@context\":\"https:\/\/schema.org\",\"@graph\":[{\"@type\":\"WebPage\",\"@id\":\"https:\/\/bodensee-promotions.ch\/torqeedo\/produkt\/travel-xp-s-l\/\",\"url\":\"https:\/\/bodensee-promotions.ch\/torqeedo\/produkt\/travel-xp-s-l\/\",\"name\":\"Travel XP S\/L - Torqeedo Elektromotoren\",\"isPartOf\":{\"@id\":\"https:\/\/bodensee-promotions.ch\/torqeedo\/#website\"},\"primaryImageOfPage\":{\"@id\":\"https:\/\/bodensee-promotions.ch\/torqeedo\/produkt\/travel-xp-s-l\/#primaryimage\"},\"image\":{\"@id\":\"https:\/\/bodensee-promotions.ch\/torqeedo\/produkt\/travel-xp-s-l\/#primaryimage\"},\"thumbnailUrl\":\"https:\/\/bodensee-promotions.ch\/torqeedo\/wp-content\/uploads\/sites\/3\/2024\/07\/torqeedo-travel-xp-1200x1200-1-1.jpg\",\"datePublished\":\"2024-07-12T11:27:58+00:00\",\"dateModified\":\"2024-07-15T09:44:03+00:00\",\"breadcrumb\":{\"@id\":\"https:\/\/bodensee-promotions.ch\/torqeedo\/produkt\/travel-xp-s-l\/#breadcrumb\"},\"inLanguage\":\"de\",\"potentialAction\":[{\"@type\":\"ReadAction\",\"target\":[\"https:\/\/bodensee-promotions.ch\/torqeedo\/produkt\/travel-xp-s-l\/\"]}]},{\"@type\":\"ImageObject\",\"inLanguage\":\"de\",\"@id\":\"https:\/\/bodensee-promotions.ch\/torqeedo\/produkt\/travel-xp-s-l\/#primaryimage\",\"url\":\"https:\/\/bodensee-promotions.ch\/torqeedo\/wp-content\/uploads\/sites\/3\/2024\/07\/torqeedo-travel-xp-1200x1200-1-1.jpg\",\"contentUrl\":\"https:\/\/bodensee-promotions.ch\/torqeedo\/wp-content\/uploads\/sites\/3\/2024\/07\/torqeedo-travel-xp-1200x1200-1-1.jpg\",\"width\":1200,\"height\":1200},{\"@type\":\"BreadcrumbList\",\"@id\":\"https:\/\/bodensee-promotions.ch\/torqeedo\/produkt\/travel-xp-s-l\/#breadcrumb\",\"itemListElement\":[{\"@type\":\"ListItem\",\"position\":1,\"name\":\"Startseite\",\"item\":\"https:\/\/bodensee-promotions.ch\/torqeedo\/\"},{\"@type\":\"ListItem\",\"position\":2,\"name\":\"Shop\",\"item\":\"https:\/\/bodensee-promotions.ch\/torqeedo\/\"},{\"@type\":\"ListItem\",\"position\":3,\"name\":\"Travel XP S\/L\"}]},{\"@type\":\"WebSite\",\"@id\":\"https:\/\/bodensee-promotions.ch\/torqeedo\/#website\",\"url\":\"https:\/\/bodensee-promotions.ch\/torqeedo\/\",\"name\":\"Torqeedo Elektromotoren\",\"description\":\"Eine weitere Bodensee Promotions Websites Website\",\"potentialAction\":[{\"@type\":\"SearchAction\",\"target\":{\"@type\":\"EntryPoint\",\"urlTemplate\":\"https:\/\/bodensee-promotions.ch\/torqeedo\/?s={search_term_string}\"},\"query-input\":{\"@type\":\"PropertyValueSpecification\",\"valueRequired\":true,\"valueName\":\"search_term_string\"}}],\"inLanguage\":\"de\"}]}<\/script>\n<!-- \/ Yoast SEO plugin. -->","yoast_head_json":{"title":"Travel XP S\/L - Torqeedo Elektromotoren","robots":{"index":"index","follow":"follow","max-snippet":"max-snippet:-1","max-image-preview":"max-image-preview:large","max-video-preview":"max-video-preview:-1"},"canonical":"https:\/\/bodensee-promotions.ch\/torqeedo\/produkt\/travel-xp-s-l\/","og_locale":"de_DE","og_type":"article","og_title":"Travel XP S\/L - Torqeedo Elektromotoren","og_description":"Artikelnummer: 1163-00 | EAN: 4260113697375      Lieferumfang: Au\u00dfenborder mit Pinnensteuerung (Control Type T) bzw. Fernlenkung mit TorqLink Fahrhebel (Control Type R, 1976-00), Not-Aus-Magnetchip (1978-00), Ladeger\u00e4t 180W (7012-00), Propeller 11x8 WDR (7070-00), Wellenanode f\u00fcr Motorwelle, Finne, Betriebsanleitung   Garantie: 2 Jahre bei privater Nutzung  Weitere Informationen und Produktedetails auf der Torqeedo Webseite","og_url":"https:\/\/bodensee-promotions.ch\/torqeedo\/produkt\/travel-xp-s-l\/","og_site_name":"Torqeedo Elektromotoren","article_modified_time":"2024-07-15T09:44:03+00:00","og_image":[{"width":1200,"height":1200,"url":"https:\/\/bodensee-promotions.ch\/torqeedo\/wp-content\/uploads\/sites\/3\/2024\/07\/torqeedo-travel-xp-1200x1200-1-1.jpg","type":"image\/jpeg"}],"twitter_card":"summary_large_image","twitter_misc":{"Gesch\u00e4tzte Lesezeit":"2\u00a0Minuten"},"schema":{"@context":"https:\/\/schema.org","@graph":[{"@type":"WebPage","@id":"https:\/\/bodensee-promotions.ch\/torqeedo\/produkt\/travel-xp-s-l\/","url":"https:\/\/bodensee-promotions.ch\/torqeedo\/produkt\/travel-xp-s-l\/","name":"Travel XP S\/L - Torqeedo Elektromotoren","isPartOf":{"@id":"https:\/\/bodensee-promotions.ch\/torqeedo\/#website"},"primaryImageOfPage":{"@id":"https:\/\/bodensee-promotions.ch\/torqeedo\/produkt\/travel-xp-s-l\/#primaryimage"},"image":{"@id":"https:\/\/bodensee-promotions.ch\/torqeedo\/produkt\/travel-xp-s-l\/#primaryimage"},"thumbnailUrl":"https:\/\/bodensee-promotions.ch\/torqeedo\/wp-content\/uploads\/sites\/3\/2024\/07\/torqeedo-travel-xp-1200x1200-1-1.jpg","datePublished":"2024-07-12T11:27:58+00:00","dateModified":"2024-07-15T09:44:03+00:00","breadcrumb":{"@id":"https:\/\/bodensee-promotions.ch\/torqeedo\/produkt\/travel-xp-s-l\/#breadcrumb"},"inLanguage":"de","potentialAction":[{"@type":"ReadAction","target":["https:\/\/bodensee-promotions.ch\/torqeedo\/produkt\/travel-xp-s-l\/"]}]},{"@type":"ImageObject","inLanguage":"de","@id":"https:\/\/bodensee-promotions.ch\/torqeedo\/produkt\/travel-xp-s-l\/#primaryimage","url":"https:\/\/bodensee-promotions.ch\/torqeedo\/wp-content\/uploads\/sites\/3\/2024\/07\/torqeedo-travel-xp-1200x1200-1-1.jpg","contentUrl":"https:\/\/bodensee-promotions.ch\/torqeedo\/wp-content\/uploads\/sites\/3\/2024\/07\/torqeedo-travel-xp-1200x1200-1-1.jpg","width":1200,"height":1200},{"@type":"BreadcrumbList","@id":"https:\/\/bodensee-promotions.ch\/torqeedo\/produkt\/travel-xp-s-l\/#breadcrumb","itemListElement":[{"@type":"ListItem","position":1,"name":"Startseite","item":"https:\/\/bodensee-promotions.ch\/torqeedo\/"},{"@type":"ListItem","position":2,"name":"Shop","item":"https:\/\/bodensee-promotions.ch\/torqeedo\/"},{"@type":"ListItem","position":3,"name":"Travel XP S\/L"}]},{"@type":"WebSite","@id":"https:\/\/bodensee-promotions.ch\/torqeedo\/#website","url":"https:\/\/bodensee-promotions.ch\/torqeedo\/","name":"Torqeedo Elektromotoren","description":"Eine weitere Bodensee Promotions Websites Website","potentialAction":[{"@type":"SearchAction","target":{"@type":"EntryPoint","urlTemplate":"https:\/\/bodensee-promotions.ch\/torqeedo\/?s={search_term_string}"},"query-input":{"@type":"PropertyValueSpecification","valueRequired":true,"valueName":"search_term_string"}}],"inLanguage":"de"}]}},"_links":{"self":[{"href":"https:\/\/bodensee-promotions.ch\/torqeedo\/wp-json\/wp\/v2\/product\/242441","targetHints":{"allow":["GET"]}}],"collection":[{"href":"https:\/\/bodensee-promotions.ch\/torqeedo\/wp-json\/wp\/v2\/product"}],"about":[{"href":"https:\/\/bodensee-promotions.ch\/torqeedo\/wp-json\/wp\/v2\/types\/product"}],"wp:featuredmedia":[{"embeddable":true,"href":"https:\/\/bodensee-promotions.ch\/torqeedo\/wp-json\/wp\/v2\/media\/242447"}],"wp:attachment":[{"href":"https:\/\/bodensee-promotions.ch\/torqeedo\/wp-json\/wp\/v2\/media?parent=242441"}],"wp:term":[{"taxonomy":"product_brand","embeddable":true,"href":"https:\/\/bodensee-promotions.ch\/torqeedo\/wp-json\/wp\/v2\/product_brand?post=242441"},{"taxonomy":"product_cat","embeddable":true,"href":"https:\/\/bodensee-promotions.ch\/torqeedo\/wp-json\/wp\/v2\/product_cat?post=242441"},{"taxonomy":"product_tag","embeddable":true,"href":"https:\/\/bodensee-promotions.ch\/torqeedo\/wp-json\/wp\/v2\/product_tag?post=242441"}],"curies":[{"name":"wp","href":"https:\/\/api.w.org\/{rel}","templated":true}]}}