{"id":242425,"date":"2024-07-12T11:10:57","date_gmt":"2024-07-12T09:10:57","guid":{"rendered":"https:\/\/bodensee-promotions.ch\/torqeedo\/?post_type=product&#038;p=242425"},"modified":"2024-07-15T11:09:24","modified_gmt":"2024-07-15T09:09:24","slug":"ultralight","status":"publish","type":"product","link":"https:\/\/bodensee-promotions.ch\/torqeedo\/produkt\/ultralight\/","title":{"rendered":"Travel Ultralight"},"content":{"rendered":"<p>\n    Leistungsstarker Motor: Der Travel UL ist ein 1100 W starker, 3 PS-\u00e4quivalenter Direktantriebsmotor, der Ihre Abenteuer sauber, leise und leicht antreibt.<br \/>\n    Batterie mit hoher Kapazit\u00e4t: Der Travel UL verf\u00fcgt \u00fcber eine 1080-Wh-Lithium-Ionen-Batterie, mit der Sie genug Energie f\u00fcr Ihre Kajakangeltouren haben.<br \/>\n    Schnelles Aufladen: Im Lieferumfang ist ein 180-W-Ladeger\u00e4t enthalten, mit dem die Batterie im Nu wieder aufgef\u00fcllt werden kann.<br \/>\n    Leicht und tragbar: Der ultraleise und zuverl\u00e4ssige Direktantriebsmotor wiegt einschlie\u00dflich Befestigungssystem, Kabeln und Ferngashebel nur 9,8 kg.<br \/>\n    Transformieren Sie Ihr Kajak: Mit dem Adventure Package verwandelt sich Ihr Kajak in die ultimative Angelmaschine, f\u00fcr Ihr bestes Kajak-Angelerlebnis aller Zeiten.<\/p>\n<p>Das Adventure Package bringt das Kajakfischen auf das n\u00e4chste Level. Der Travel UL ist ein 1100 W starker, 3 PS-\u00e4quivalenter Direktantriebsmotor, der Ihre Abenteuer sauber, leise und leicht antreibt. Daf\u00fcr sorgen eine 1080-Wh-Lithium-Ionen-Batterie mit hoher Kapazit\u00e4t, ein 180-Watt-Ladeger\u00e4t und eine innovative Kajakbefestigung. Der extrem leise und zuverl\u00e4ssige Direktantriebsmotor wiegt nur 9,8 kg, einschlie\u00dflich Befestigungssystem, Kabel und Ferngashebel. Werfen Sie mit dem Adventure Package die Angel aus \u2013 Ihr Kajak verwandelt sich in die ultimative Angelmaschine!<\/p>\n<p>Die Batterie ist das Herzst\u00fcck eines emissionsfreien Antriebssystems, und das Adventure Package verf\u00fcgt \u00fcber ein Lithium-Pack mit 1080 Wh, das nur 8,6 kg wiegt. Eine praktische LED zeigt Ihnen den Ladestatus auf einen Blick an, auch wenn die Batterie nicht angeschlossen ist. Schlie\u00dfen Sie das System einfach \u00fcber das 180-W-Ladeger\u00e4t an das Netz an oder laden Sie es mit dem Solarladekabel und den Solarmodulen mit bis zu 200 Wp auf! Torqeedo bietet seit 2005 lithiumbatteriebetriebene Schiffsantriebe an und verf\u00fcgt \u00fcber das umfassendste integrierte Schutz- und Sicherheitskonzept f\u00fcr Lithium-Batterien auf dem Markt.<\/p>\n<p>Das Adventure Package wird fertig zum Anschluss an die Fu\u00dfsteuerung Ihres Kajaks geliefert. Das hintergrundbeleuchtete Farbdisplay des Ferngashebels ist direkt integriert und zeigt alle Informationen an, die Sie ben\u00f6tigen, einschlie\u00dflich Geschwindigkeit, Verbrauch, Ladezustand und verbleibender Reichweite in Zeit oder Entfernung. WLAN und BlueTooth geh\u00f6ren zur Standardausstattung, sodass Sie sich ganz einfach mit der TorqView App verbinden k\u00f6nnen, um Karten, Fahrtenprotokolle, Nutzungsstatistiken, Wartungsinformationen, Over-the-Air-Updates und andere Hightech-Funktionen zu nutzen. Das ist der Ruf des Abenteuers. Folgen Sie ihm!<\/p>\n","protected":false},"excerpt":{"rendered":"<p>    Artikelnummer: 1421-00  | EAN: 4260113697337<\/p>\n<p>    Lieferumfang: Travel Ultralight, Ladeger\u00e4t, Ferngashebel, Bordcomputer, GPS-basierter Reichweiten-Berechnung und Not-Aus Magnet-Chip<br \/>\n    Garantie: 2 Jahre bei privater Nutzung<\/p>\n<p><a href=\"https:\/\/www.torqeedo.com\/de\/produkte\/aussenborder\/travel\/travel-ultralight\/1421-00.html\" target=\"_blank\" rel=\"noopener noreferrer\">Weitere Informationen und Produktedetails auf der Torqeedo Webseite<\/a><\/p>\n","protected":false},"featured_media":242433,"template":"","meta":{"_et_pb_use_builder":"","_et_pb_old_content":"","_et_gb_content_width":""},"product_brand":[],"product_cat":[17,16,19],"product_tag":[],"class_list":{"0":"post-242425","1":"product","2":"type-product","3":"status-publish","4":"has-post-thumbnail","6":"product_cat-aussenborder","7":"product_cat-torqeedo-elektromotoren","8":"product_cat-travel","10":"first","11":"instock","12":"taxable","13":"shipping-taxable","14":"purchasable","15":"product-type-simple"},"yoast_head":"<!-- This site is optimized with the Yoast SEO plugin v25.5 - https:\/\/yoast.com\/wordpress\/plugins\/seo\/ -->\n<title>Travel Ultralight - Torqeedo Elektromotoren<\/title>\n<meta name=\"robots\" content=\"index, follow, max-snippet:-1, max-image-preview:large, max-video-preview:-1\" \/>\n<link rel=\"canonical\" href=\"https:\/\/bodensee-promotions.ch\/torqeedo\/produkt\/ultralight\/\" \/>\n<meta property=\"og:locale\" content=\"de_DE\" \/>\n<meta property=\"og:type\" content=\"article\" \/>\n<meta property=\"og:title\" content=\"Travel Ultralight - Torqeedo Elektromotoren\" \/>\n<meta property=\"og:description\" content=\"Artikelnummer: 1421-00 | EAN: 4260113697337    Lieferumfang: Travel Ultralight, Ladeger\u00e4t, Ferngashebel, Bordcomputer, GPS-basierter Reichweiten-Berechnung und Not-Aus Magnet-Chip   Garantie: 2 Jahre bei privater Nutzung  Weitere Informationen und Produktedetails auf der Torqeedo Webseite\" \/>\n<meta property=\"og:url\" content=\"https:\/\/bodensee-promotions.ch\/torqeedo\/produkt\/ultralight\/\" \/>\n<meta property=\"og:site_name\" content=\"Torqeedo Elektromotoren\" \/>\n<meta property=\"article:modified_time\" content=\"2024-07-15T09:09:24+00:00\" \/>\n<meta property=\"og:image\" content=\"https:\/\/bodensee-promotions.ch\/torqeedo\/wp-content\/uploads\/sites\/3\/2024\/07\/1142-00-torqeedo_travel-ul_1-1200x1200-1-1.jpg\" \/>\n\t<meta property=\"og:image:width\" content=\"1200\" \/>\n\t<meta property=\"og:image:height\" content=\"1200\" \/>\n\t<meta property=\"og:image:type\" content=\"image\/jpeg\" \/>\n<meta name=\"twitter:card\" content=\"summary_large_image\" \/>\n<meta name=\"twitter:label1\" content=\"Gesch\u00e4tzte Lesezeit\" \/>\n\t<meta name=\"twitter:data1\" content=\"3\u00a0Minuten\" \/>\n<script type=\"application\/ld+json\" class=\"yoast-schema-graph\">{\"@context\":\"https:\/\/schema.org\",\"@graph\":[{\"@type\":\"WebPage\",\"@id\":\"https:\/\/bodensee-promotions.ch\/torqeedo\/produkt\/ultralight\/\",\"url\":\"https:\/\/bodensee-promotions.ch\/torqeedo\/produkt\/ultralight\/\",\"name\":\"Travel Ultralight - Torqeedo Elektromotoren\",\"isPartOf\":{\"@id\":\"https:\/\/bodensee-promotions.ch\/torqeedo\/#website\"},\"primaryImageOfPage\":{\"@id\":\"https:\/\/bodensee-promotions.ch\/torqeedo\/produkt\/ultralight\/#primaryimage\"},\"image\":{\"@id\":\"https:\/\/bodensee-promotions.ch\/torqeedo\/produkt\/ultralight\/#primaryimage\"},\"thumbnailUrl\":\"https:\/\/bodensee-promotions.ch\/torqeedo\/wp-content\/uploads\/sites\/3\/2024\/07\/1142-00-torqeedo_travel-ul_1-1200x1200-1-1.jpg\",\"datePublished\":\"2024-07-12T09:10:57+00:00\",\"dateModified\":\"2024-07-15T09:09:24+00:00\",\"breadcrumb\":{\"@id\":\"https:\/\/bodensee-promotions.ch\/torqeedo\/produkt\/ultralight\/#breadcrumb\"},\"inLanguage\":\"de\",\"potentialAction\":[{\"@type\":\"ReadAction\",\"target\":[\"https:\/\/bodensee-promotions.ch\/torqeedo\/produkt\/ultralight\/\"]}]},{\"@type\":\"ImageObject\",\"inLanguage\":\"de\",\"@id\":\"https:\/\/bodensee-promotions.ch\/torqeedo\/produkt\/ultralight\/#primaryimage\",\"url\":\"https:\/\/bodensee-promotions.ch\/torqeedo\/wp-content\/uploads\/sites\/3\/2024\/07\/1142-00-torqeedo_travel-ul_1-1200x1200-1-1.jpg\",\"contentUrl\":\"https:\/\/bodensee-promotions.ch\/torqeedo\/wp-content\/uploads\/sites\/3\/2024\/07\/1142-00-torqeedo_travel-ul_1-1200x1200-1-1.jpg\",\"width\":1200,\"height\":1200},{\"@type\":\"BreadcrumbList\",\"@id\":\"https:\/\/bodensee-promotions.ch\/torqeedo\/produkt\/ultralight\/#breadcrumb\",\"itemListElement\":[{\"@type\":\"ListItem\",\"position\":1,\"name\":\"Startseite\",\"item\":\"https:\/\/bodensee-promotions.ch\/torqeedo\/\"},{\"@type\":\"ListItem\",\"position\":2,\"name\":\"Shop\",\"item\":\"https:\/\/bodensee-promotions.ch\/torqeedo\/\"},{\"@type\":\"ListItem\",\"position\":3,\"name\":\"Travel Ultralight\"}]},{\"@type\":\"WebSite\",\"@id\":\"https:\/\/bodensee-promotions.ch\/torqeedo\/#website\",\"url\":\"https:\/\/bodensee-promotions.ch\/torqeedo\/\",\"name\":\"Torqeedo Elektromotoren\",\"description\":\"Eine weitere Bodensee Promotions Websites Website\",\"potentialAction\":[{\"@type\":\"SearchAction\",\"target\":{\"@type\":\"EntryPoint\",\"urlTemplate\":\"https:\/\/bodensee-promotions.ch\/torqeedo\/?s={search_term_string}\"},\"query-input\":{\"@type\":\"PropertyValueSpecification\",\"valueRequired\":true,\"valueName\":\"search_term_string\"}}],\"inLanguage\":\"de\"}]}<\/script>\n<!-- \/ Yoast SEO plugin. -->","yoast_head_json":{"title":"Travel Ultralight - Torqeedo Elektromotoren","robots":{"index":"index","follow":"follow","max-snippet":"max-snippet:-1","max-image-preview":"max-image-preview:large","max-video-preview":"max-video-preview:-1"},"canonical":"https:\/\/bodensee-promotions.ch\/torqeedo\/produkt\/ultralight\/","og_locale":"de_DE","og_type":"article","og_title":"Travel Ultralight - Torqeedo Elektromotoren","og_description":"Artikelnummer: 1421-00 | EAN: 4260113697337    Lieferumfang: Travel Ultralight, Ladeger\u00e4t, Ferngashebel, Bordcomputer, GPS-basierter Reichweiten-Berechnung und Not-Aus Magnet-Chip   Garantie: 2 Jahre bei privater Nutzung  Weitere Informationen und Produktedetails auf der Torqeedo Webseite","og_url":"https:\/\/bodensee-promotions.ch\/torqeedo\/produkt\/ultralight\/","og_site_name":"Torqeedo Elektromotoren","article_modified_time":"2024-07-15T09:09:24+00:00","og_image":[{"width":1200,"height":1200,"url":"https:\/\/bodensee-promotions.ch\/torqeedo\/wp-content\/uploads\/sites\/3\/2024\/07\/1142-00-torqeedo_travel-ul_1-1200x1200-1-1.jpg","type":"image\/jpeg"}],"twitter_card":"summary_large_image","twitter_misc":{"Gesch\u00e4tzte Lesezeit":"3\u00a0Minuten"},"schema":{"@context":"https:\/\/schema.org","@graph":[{"@type":"WebPage","@id":"https:\/\/bodensee-promotions.ch\/torqeedo\/produkt\/ultralight\/","url":"https:\/\/bodensee-promotions.ch\/torqeedo\/produkt\/ultralight\/","name":"Travel Ultralight - Torqeedo Elektromotoren","isPartOf":{"@id":"https:\/\/bodensee-promotions.ch\/torqeedo\/#website"},"primaryImageOfPage":{"@id":"https:\/\/bodensee-promotions.ch\/torqeedo\/produkt\/ultralight\/#primaryimage"},"image":{"@id":"https:\/\/bodensee-promotions.ch\/torqeedo\/produkt\/ultralight\/#primaryimage"},"thumbnailUrl":"https:\/\/bodensee-promotions.ch\/torqeedo\/wp-content\/uploads\/sites\/3\/2024\/07\/1142-00-torqeedo_travel-ul_1-1200x1200-1-1.jpg","datePublished":"2024-07-12T09:10:57+00:00","dateModified":"2024-07-15T09:09:24+00:00","breadcrumb":{"@id":"https:\/\/bodensee-promotions.ch\/torqeedo\/produkt\/ultralight\/#breadcrumb"},"inLanguage":"de","potentialAction":[{"@type":"ReadAction","target":["https:\/\/bodensee-promotions.ch\/torqeedo\/produkt\/ultralight\/"]}]},{"@type":"ImageObject","inLanguage":"de","@id":"https:\/\/bodensee-promotions.ch\/torqeedo\/produkt\/ultralight\/#primaryimage","url":"https:\/\/bodensee-promotions.ch\/torqeedo\/wp-content\/uploads\/sites\/3\/2024\/07\/1142-00-torqeedo_travel-ul_1-1200x1200-1-1.jpg","contentUrl":"https:\/\/bodensee-promotions.ch\/torqeedo\/wp-content\/uploads\/sites\/3\/2024\/07\/1142-00-torqeedo_travel-ul_1-1200x1200-1-1.jpg","width":1200,"height":1200},{"@type":"BreadcrumbList","@id":"https:\/\/bodensee-promotions.ch\/torqeedo\/produkt\/ultralight\/#breadcrumb","itemListElement":[{"@type":"ListItem","position":1,"name":"Startseite","item":"https:\/\/bodensee-promotions.ch\/torqeedo\/"},{"@type":"ListItem","position":2,"name":"Shop","item":"https:\/\/bodensee-promotions.ch\/torqeedo\/"},{"@type":"ListItem","position":3,"name":"Travel Ultralight"}]},{"@type":"WebSite","@id":"https:\/\/bodensee-promotions.ch\/torqeedo\/#website","url":"https:\/\/bodensee-promotions.ch\/torqeedo\/","name":"Torqeedo Elektromotoren","description":"Eine weitere Bodensee Promotions Websites Website","potentialAction":[{"@type":"SearchAction","target":{"@type":"EntryPoint","urlTemplate":"https:\/\/bodensee-promotions.ch\/torqeedo\/?s={search_term_string}"},"query-input":{"@type":"PropertyValueSpecification","valueRequired":true,"valueName":"search_term_string"}}],"inLanguage":"de"}]}},"_links":{"self":[{"href":"https:\/\/bodensee-promotions.ch\/torqeedo\/wp-json\/wp\/v2\/product\/242425","targetHints":{"allow":["GET"]}}],"collection":[{"href":"https:\/\/bodensee-promotions.ch\/torqeedo\/wp-json\/wp\/v2\/product"}],"about":[{"href":"https:\/\/bodensee-promotions.ch\/torqeedo\/wp-json\/wp\/v2\/types\/product"}],"wp:featuredmedia":[{"embeddable":true,"href":"https:\/\/bodensee-promotions.ch\/torqeedo\/wp-json\/wp\/v2\/media\/242433"}],"wp:attachment":[{"href":"https:\/\/bodensee-promotions.ch\/torqeedo\/wp-json\/wp\/v2\/media?parent=242425"}],"wp:term":[{"taxonomy":"product_brand","embeddable":true,"href":"https:\/\/bodensee-promotions.ch\/torqeedo\/wp-json\/wp\/v2\/product_brand?post=242425"},{"taxonomy":"product_cat","embeddable":true,"href":"https:\/\/bodensee-promotions.ch\/torqeedo\/wp-json\/wp\/v2\/product_cat?post=242425"},{"taxonomy":"product_tag","embeddable":true,"href":"https:\/\/bodensee-promotions.ch\/torqeedo\/wp-json\/wp\/v2\/product_tag?post=242425"}],"curies":[{"name":"wp","href":"https:\/\/api.w.org\/{rel}","templated":true}]}}