{"id":242143,"date":"2021-08-03T13:34:19","date_gmt":"2021-08-03T11:34:19","guid":{"rendered":"https:\/\/bodensee-promotions.ch\/torqeedo\/?post_type=product&#038;p=242143"},"modified":"2022-12-21T16:01:31","modified_gmt":"2022-12-21T15:01:31","slug":"cruise-6-rs","status":"publish","type":"product","link":"https:\/\/bodensee-promotions.ch\/torqeedo\/produkt\/cruise-6-rs\/","title":{"rendered":"Cruise 6.0 TorqLink <span class=\"soon\">(Bald verf\u00fcgbar)<\/span>"},"content":{"rendered":"<p>Die neue Generation des Cruise 6.0 wurde f\u00fcr die schwierigen Herausforderungen der t\u00e4glichen gewerblichen Nutzung entwickelt \u2013 bereit, um es mit den h\u00e4rtesten Umweltbedingungen aufzunehmen, beispielsweise mit Dinghies oder Segelboote bis zu 6 Tonnen.<\/p>\n<p>Damit ist der Cruise 6.0 jetzt noch stabiler im Fall eines Auflaufs und noch besser gegen Korrosion bei intensiver Nutzung in Seewasser gesch\u00fctzt.<\/p>\n<p>Der mit einem 9,9 PS Benzin-Au\u00dfenborder vergleichbare Cruise 6.0 l\u00e4sst sich mit wenigen Werkzeugen einfach an Ihrem Boot montieren, egal ob als Remote- oder Tiller-Version.<\/p>\n<p>F\u00fcr den Betrieb ist eine Versorgung mit mind. einer Lithium-Batterie (Power 48-5000) oder mit Bleibatterien (Blei-Gel oder AGM) vorzusehen.<\/p>\n<h3>Cruise 6.0 R &#8211; das spricht daf\u00fcr:<\/h3>\n<p>Hocheffizienter Au\u00dfenborder mit 6.000 W Eingangsleistung, \u00e4quivalent zu einem 8 PS Benzin-Au\u00dfenborder.<br \/>\nF\u00fcr Schlauchboote und andere Kleinboote sind alle Cruise-Modelle geeignet.<br \/>\nF\u00fcr Dinghies und Segelboote bis zu 6 Tonnen empfehlen wir den Cruise 6.0.<br \/>\nAnschlussm\u00f6glichkeit an Fernlenkung.<br \/>\nStabiler Pylon aus Aluminium mit verst\u00e4rkter integraler Finne \u2013 extra stabil, auch beim Auflaufen.<br \/>\nWellendichtringe in gesch\u00fctztem Bereich montiert, auf der Innenseite des Pylons.<br \/>\nAluminium von h\u00f6chster Seewasserfestigkeit f\u00fcr eine lange Betriebsdauer\/Lebensdauer, auch unter den harschesten Bedingungen.<br \/>\nSchmiermittelfreies Gleitlager sch\u00fctzt vor Sch\u00e4den durch Angelschn\u00fcre oder Fremdk\u00f6rper und sorgt unters\u00fctzt die F\u00fchrung der Propellerwelle \u2013 verschlei\u00dffest und wartungsfrei.<br \/>\nUmfassender Schutz vor galvanischer Korrosion durch sorgsam ausgew\u00e4hltes Zusammenspiel aller Materialien und akribische Isolation aller Materialien mit unterschiedlichen elektrochemischen Eigenschaften.<br \/>\nAlles wasserdicht nach mind. IP67.<\/p>\n","protected":false},"excerpt":{"rendered":"<p>Bestellinformation<\/p>\n<p>Artikelnummer: 1262-00 | EAN: 4260113696712<\/p>\n<p>Lieferumfang: Au\u00dfenborder mit TorqLink Datenkommunikation, Anschluss an Fernlenkung, Kabelsatz (4,4 m, 35 mm\u00b2) inklusive Hauptschalter und Propeller B 12,5 x 17 HSP<br \/>\nGashebel nicht im Lieferumfang enthalten \u2013 Empfohlener Ferngashebel: TorqLink Gashebel mit Farbdisplay<br \/>\nBei Betrieb mit Fremdbatterien oder Power 24-3500 bitte Artikel-Nr. 1990-00 mitbestellen<br \/>\nGarantie: 2 Jahre bei privater Nutzung<\/p>\n<p><a href=\"https:\/\/www.torqeedo.com\/de\/produkte\/aussenborder\/cruise\/cruise-6.0-r-torqlink\/M-1262-00.html\" target=\"_blank\" rel=\"noopener noreferrer\">Weitere Informationen und Produktedetails auf der Torqeedo Webseite<\/a><\/p>\n","protected":false},"featured_media":242315,"template":"","meta":{"_et_pb_use_builder":"","_et_pb_old_content":"","_et_gb_content_width":""},"product_brand":[],"product_cat":[17,20,16],"product_tag":[],"class_list":{"0":"post-242143","1":"product","2":"type-product","3":"status-publish","4":"has-post-thumbnail","6":"product_cat-aussenborder","7":"product_cat-cruise","8":"product_cat-torqeedo-elektromotoren","10":"first","11":"onbackorder","12":"taxable","13":"shipping-taxable","14":"purchasable","15":"product-type-variable","16":"has-default-attributes"},"yoast_head":"<!-- This site is optimized with the Yoast SEO plugin v25.5 - https:\/\/yoast.com\/wordpress\/plugins\/seo\/ -->\n<title>Cruise 6.0 TorqLink - Torqeedo Elektromotoren<\/title>\n<meta name=\"robots\" content=\"index, follow, max-snippet:-1, max-image-preview:large, max-video-preview:-1\" \/>\n<link rel=\"canonical\" href=\"https:\/\/bodensee-promotions.ch\/torqeedo\/produkt\/cruise-6-rs\/\" \/>\n<meta property=\"og:locale\" content=\"de_DE\" \/>\n<meta property=\"og:type\" content=\"article\" \/>\n<meta property=\"og:title\" content=\"Cruise 6.0 TorqLink - Torqeedo Elektromotoren\" \/>\n<meta property=\"og:description\" content=\"Bestellinformation  Artikelnummer: 1262-00 | EAN: 4260113696712  Lieferumfang: Au\u00dfenborder mit TorqLink Datenkommunikation, Anschluss an Fernlenkung, Kabelsatz (4,4 m, 35 mm\u00b2) inklusive Hauptschalter und Propeller B 12,5 x 17 HSP Gashebel nicht im Lieferumfang enthalten \u2013 Empfohlener Ferngashebel: TorqLink Gashebel mit Farbdisplay Bei Betrieb mit Fremdbatterien oder Power 24-3500 bitte Artikel-Nr. 1990-00 mitbestellen Garantie: 2 Jahre bei privater Nutzung  Weitere Informationen und Produktedetails auf der Torqeedo Webseite\" \/>\n<meta property=\"og:url\" content=\"https:\/\/bodensee-promotions.ch\/torqeedo\/produkt\/cruise-6-rs\/\" \/>\n<meta property=\"og:site_name\" content=\"Torqeedo Elektromotoren\" \/>\n<meta property=\"article:modified_time\" content=\"2022-12-21T15:01:31+00:00\" \/>\n<meta property=\"og:image\" content=\"https:\/\/bodensee-promotions.ch\/torqeedo\/wp-content\/uploads\/sites\/3\/2021\/08\/1262-00-torqeedo-cruise-6r-torqlink-1200x1200-1.jpg\" \/>\n\t<meta property=\"og:image:width\" content=\"1200\" \/>\n\t<meta property=\"og:image:height\" content=\"1200\" \/>\n\t<meta property=\"og:image:type\" content=\"image\/jpeg\" \/>\n<meta name=\"twitter:card\" content=\"summary_large_image\" \/>\n<meta name=\"twitter:label1\" content=\"Gesch\u00e4tzte Lesezeit\" \/>\n\t<meta name=\"twitter:data1\" content=\"1\u00a0Minute\" \/>\n<script type=\"application\/ld+json\" class=\"yoast-schema-graph\">{\"@context\":\"https:\/\/schema.org\",\"@graph\":[{\"@type\":\"WebPage\",\"@id\":\"https:\/\/bodensee-promotions.ch\/torqeedo\/produkt\/cruise-6-rs\/\",\"url\":\"https:\/\/bodensee-promotions.ch\/torqeedo\/produkt\/cruise-6-rs\/\",\"name\":\"Cruise 6.0 TorqLink - Torqeedo Elektromotoren\",\"isPartOf\":{\"@id\":\"https:\/\/bodensee-promotions.ch\/torqeedo\/#website\"},\"primaryImageOfPage\":{\"@id\":\"https:\/\/bodensee-promotions.ch\/torqeedo\/produkt\/cruise-6-rs\/#primaryimage\"},\"image\":{\"@id\":\"https:\/\/bodensee-promotions.ch\/torqeedo\/produkt\/cruise-6-rs\/#primaryimage\"},\"thumbnailUrl\":\"https:\/\/bodensee-promotions.ch\/torqeedo\/wp-content\/uploads\/sites\/3\/2021\/08\/1262-00-torqeedo-cruise-6r-torqlink-1200x1200-1.jpg\",\"datePublished\":\"2021-08-03T11:34:19+00:00\",\"dateModified\":\"2022-12-21T15:01:31+00:00\",\"breadcrumb\":{\"@id\":\"https:\/\/bodensee-promotions.ch\/torqeedo\/produkt\/cruise-6-rs\/#breadcrumb\"},\"inLanguage\":\"de\",\"potentialAction\":[{\"@type\":\"ReadAction\",\"target\":[\"https:\/\/bodensee-promotions.ch\/torqeedo\/produkt\/cruise-6-rs\/\"]}]},{\"@type\":\"ImageObject\",\"inLanguage\":\"de\",\"@id\":\"https:\/\/bodensee-promotions.ch\/torqeedo\/produkt\/cruise-6-rs\/#primaryimage\",\"url\":\"https:\/\/bodensee-promotions.ch\/torqeedo\/wp-content\/uploads\/sites\/3\/2021\/08\/1262-00-torqeedo-cruise-6r-torqlink-1200x1200-1.jpg\",\"contentUrl\":\"https:\/\/bodensee-promotions.ch\/torqeedo\/wp-content\/uploads\/sites\/3\/2021\/08\/1262-00-torqeedo-cruise-6r-torqlink-1200x1200-1.jpg\",\"width\":1200,\"height\":1200},{\"@type\":\"BreadcrumbList\",\"@id\":\"https:\/\/bodensee-promotions.ch\/torqeedo\/produkt\/cruise-6-rs\/#breadcrumb\",\"itemListElement\":[{\"@type\":\"ListItem\",\"position\":1,\"name\":\"Startseite\",\"item\":\"https:\/\/bodensee-promotions.ch\/torqeedo\/\"},{\"@type\":\"ListItem\",\"position\":2,\"name\":\"Shop\",\"item\":\"https:\/\/bodensee-promotions.ch\/torqeedo\/\"},{\"@type\":\"ListItem\",\"position\":3,\"name\":\"Cruise 6.0 TorqLink\"}]},{\"@type\":\"WebSite\",\"@id\":\"https:\/\/bodensee-promotions.ch\/torqeedo\/#website\",\"url\":\"https:\/\/bodensee-promotions.ch\/torqeedo\/\",\"name\":\"Torqeedo Elektromotoren\",\"description\":\"Eine weitere Bodensee Promotions Websites Website\",\"potentialAction\":[{\"@type\":\"SearchAction\",\"target\":{\"@type\":\"EntryPoint\",\"urlTemplate\":\"https:\/\/bodensee-promotions.ch\/torqeedo\/?s={search_term_string}\"},\"query-input\":{\"@type\":\"PropertyValueSpecification\",\"valueRequired\":true,\"valueName\":\"search_term_string\"}}],\"inLanguage\":\"de\"}]}<\/script>\n<!-- \/ Yoast SEO plugin. -->","yoast_head_json":{"title":"Cruise 6.0 TorqLink - Torqeedo Elektromotoren","robots":{"index":"index","follow":"follow","max-snippet":"max-snippet:-1","max-image-preview":"max-image-preview:large","max-video-preview":"max-video-preview:-1"},"canonical":"https:\/\/bodensee-promotions.ch\/torqeedo\/produkt\/cruise-6-rs\/","og_locale":"de_DE","og_type":"article","og_title":"Cruise 6.0 TorqLink - Torqeedo Elektromotoren","og_description":"Bestellinformation  Artikelnummer: 1262-00 | EAN: 4260113696712  Lieferumfang: Au\u00dfenborder mit TorqLink Datenkommunikation, Anschluss an Fernlenkung, Kabelsatz (4,4 m, 35 mm\u00b2) inklusive Hauptschalter und Propeller B 12,5 x 17 HSP Gashebel nicht im Lieferumfang enthalten \u2013 Empfohlener Ferngashebel: TorqLink Gashebel mit Farbdisplay Bei Betrieb mit Fremdbatterien oder Power 24-3500 bitte Artikel-Nr. 1990-00 mitbestellen Garantie: 2 Jahre bei privater Nutzung  Weitere Informationen und Produktedetails auf der Torqeedo Webseite","og_url":"https:\/\/bodensee-promotions.ch\/torqeedo\/produkt\/cruise-6-rs\/","og_site_name":"Torqeedo Elektromotoren","article_modified_time":"2022-12-21T15:01:31+00:00","og_image":[{"width":1200,"height":1200,"url":"https:\/\/bodensee-promotions.ch\/torqeedo\/wp-content\/uploads\/sites\/3\/2021\/08\/1262-00-torqeedo-cruise-6r-torqlink-1200x1200-1.jpg","type":"image\/jpeg"}],"twitter_card":"summary_large_image","twitter_misc":{"Gesch\u00e4tzte Lesezeit":"1\u00a0Minute"},"schema":{"@context":"https:\/\/schema.org","@graph":[{"@type":"WebPage","@id":"https:\/\/bodensee-promotions.ch\/torqeedo\/produkt\/cruise-6-rs\/","url":"https:\/\/bodensee-promotions.ch\/torqeedo\/produkt\/cruise-6-rs\/","name":"Cruise 6.0 TorqLink - Torqeedo Elektromotoren","isPartOf":{"@id":"https:\/\/bodensee-promotions.ch\/torqeedo\/#website"},"primaryImageOfPage":{"@id":"https:\/\/bodensee-promotions.ch\/torqeedo\/produkt\/cruise-6-rs\/#primaryimage"},"image":{"@id":"https:\/\/bodensee-promotions.ch\/torqeedo\/produkt\/cruise-6-rs\/#primaryimage"},"thumbnailUrl":"https:\/\/bodensee-promotions.ch\/torqeedo\/wp-content\/uploads\/sites\/3\/2021\/08\/1262-00-torqeedo-cruise-6r-torqlink-1200x1200-1.jpg","datePublished":"2021-08-03T11:34:19+00:00","dateModified":"2022-12-21T15:01:31+00:00","breadcrumb":{"@id":"https:\/\/bodensee-promotions.ch\/torqeedo\/produkt\/cruise-6-rs\/#breadcrumb"},"inLanguage":"de","potentialAction":[{"@type":"ReadAction","target":["https:\/\/bodensee-promotions.ch\/torqeedo\/produkt\/cruise-6-rs\/"]}]},{"@type":"ImageObject","inLanguage":"de","@id":"https:\/\/bodensee-promotions.ch\/torqeedo\/produkt\/cruise-6-rs\/#primaryimage","url":"https:\/\/bodensee-promotions.ch\/torqeedo\/wp-content\/uploads\/sites\/3\/2021\/08\/1262-00-torqeedo-cruise-6r-torqlink-1200x1200-1.jpg","contentUrl":"https:\/\/bodensee-promotions.ch\/torqeedo\/wp-content\/uploads\/sites\/3\/2021\/08\/1262-00-torqeedo-cruise-6r-torqlink-1200x1200-1.jpg","width":1200,"height":1200},{"@type":"BreadcrumbList","@id":"https:\/\/bodensee-promotions.ch\/torqeedo\/produkt\/cruise-6-rs\/#breadcrumb","itemListElement":[{"@type":"ListItem","position":1,"name":"Startseite","item":"https:\/\/bodensee-promotions.ch\/torqeedo\/"},{"@type":"ListItem","position":2,"name":"Shop","item":"https:\/\/bodensee-promotions.ch\/torqeedo\/"},{"@type":"ListItem","position":3,"name":"Cruise 6.0 TorqLink"}]},{"@type":"WebSite","@id":"https:\/\/bodensee-promotions.ch\/torqeedo\/#website","url":"https:\/\/bodensee-promotions.ch\/torqeedo\/","name":"Torqeedo Elektromotoren","description":"Eine weitere Bodensee Promotions Websites Website","potentialAction":[{"@type":"SearchAction","target":{"@type":"EntryPoint","urlTemplate":"https:\/\/bodensee-promotions.ch\/torqeedo\/?s={search_term_string}"},"query-input":{"@type":"PropertyValueSpecification","valueRequired":true,"valueName":"search_term_string"}}],"inLanguage":"de"}]}},"_links":{"self":[{"href":"https:\/\/bodensee-promotions.ch\/torqeedo\/wp-json\/wp\/v2\/product\/242143","targetHints":{"allow":["GET"]}}],"collection":[{"href":"https:\/\/bodensee-promotions.ch\/torqeedo\/wp-json\/wp\/v2\/product"}],"about":[{"href":"https:\/\/bodensee-promotions.ch\/torqeedo\/wp-json\/wp\/v2\/types\/product"}],"wp:featuredmedia":[{"embeddable":true,"href":"https:\/\/bodensee-promotions.ch\/torqeedo\/wp-json\/wp\/v2\/media\/242315"}],"wp:attachment":[{"href":"https:\/\/bodensee-promotions.ch\/torqeedo\/wp-json\/wp\/v2\/media?parent=242143"}],"wp:term":[{"taxonomy":"product_brand","embeddable":true,"href":"https:\/\/bodensee-promotions.ch\/torqeedo\/wp-json\/wp\/v2\/product_brand?post=242143"},{"taxonomy":"product_cat","embeddable":true,"href":"https:\/\/bodensee-promotions.ch\/torqeedo\/wp-json\/wp\/v2\/product_cat?post=242143"},{"taxonomy":"product_tag","embeddable":true,"href":"https:\/\/bodensee-promotions.ch\/torqeedo\/wp-json\/wp\/v2\/product_tag?post=242143"}],"curies":[{"name":"wp","href":"https:\/\/api.w.org\/{rel}","templated":true}]}}