{"id":241844,"date":"2021-07-28T10:42:17","date_gmt":"2021-07-28T08:42:17","guid":{"rendered":"https:\/\/bodensee-promotions.ch\/torqeedo\/?post_type=product&#038;p=241844"},"modified":"2021-08-03T15:12:09","modified_gmt":"2021-08-03T13:12:09","slug":"torqlink-gateway-set","status":"publish","type":"product","link":"https:\/\/bodensee-promotions.ch\/torqeedo\/produkt\/torqlink-gateway-set\/","title":{"rendered":"TorqLink Gateway-Set"},"content":{"rendered":"<p>EAN: 4260113695098<br \/>\nGarantie: 2 Jahre bei privater Nutzung<br \/>\nGateway Set zur Nutzung<br \/>\nvon Power 48-5000 Batterien mit Cruise 4.0 oder Cruise 10.0 (nicht ben\u00f6tigt f\u00fcr Cruise 10.0 R\/FP TorqLink, Art.Nr. 1240-20 und 1252-20).<br \/>\nvon Power 48-5000 Batterie ohne Torqeedo Motor.<br \/>\ndes Display Gateways (Art.Nr. 1966-00) in einem Cruise System mit Power 24-3500 und Ferngashebel (Art.Nr. 1918-00).<\/p>\n<p>Achtung: das TorqLink Gateway Set ist bereits im Lieferumfang der Aluminium Gashebel Art.Nr. 1949-00, 1950-00, 1951-00 sowie 1952-00 enthalten.<\/p>\n","protected":false},"excerpt":{"rendered":"<p>EAN: 4260113695098<br \/>\nGarantie: 2 Jahre bei privater Nutzung<br \/>\nLieferumfang: TorqLink Gateway, TorqLink Terminator inkl. Notaus-Br\u00fccke, Ein-\/Ausschalter f\u00fcr Power 48-5000, Gateway-Versorgungskabel f\u00fcr Systeme ohne Power 48-5000, 5m Verl\u00e4ngerungskabel (5-polig) sowie T-Kabel (5-polig)<\/p>\n","protected":false},"featured_media":242174,"template":"","meta":{"_et_pb_use_builder":"","_et_pb_old_content":"","_et_gb_content_width":""},"product_brand":[],"product_cat":[32,31],"product_tag":[],"class_list":{"0":"post-241844","1":"product","2":"type-product","3":"status-publish","4":"has-post-thumbnail","6":"product_cat-kabel-steuerung","7":"product_cat-zubehoer","9":"first","10":"onbackorder","11":"taxable","12":"shipping-taxable","13":"purchasable","14":"product-type-simple"},"yoast_head":"<!-- This site is optimized with the Yoast SEO plugin v25.5 - https:\/\/yoast.com\/wordpress\/plugins\/seo\/ -->\n<title>TorqLink Gateway-Set - Torqeedo Elektromotoren<\/title>\n<meta name=\"robots\" content=\"index, follow, max-snippet:-1, max-image-preview:large, max-video-preview:-1\" \/>\n<link rel=\"canonical\" href=\"https:\/\/bodensee-promotions.ch\/torqeedo\/produkt\/torqlink-gateway-set\/\" \/>\n<meta property=\"og:locale\" content=\"de_DE\" \/>\n<meta property=\"og:type\" content=\"article\" \/>\n<meta property=\"og:title\" content=\"TorqLink Gateway-Set - Torqeedo Elektromotoren\" \/>\n<meta property=\"og:description\" content=\"EAN: 4260113695098 Garantie: 2 Jahre bei privater Nutzung Lieferumfang: TorqLink Gateway, TorqLink Terminator inkl. Notaus-Br\u00fccke, Ein-\/Ausschalter f\u00fcr Power 48-5000, Gateway-Versorgungskabel f\u00fcr Systeme ohne Power 48-5000, 5m Verl\u00e4ngerungskabel (5-polig) sowie T-Kabel (5-polig)\" \/>\n<meta property=\"og:url\" content=\"https:\/\/bodensee-promotions.ch\/torqeedo\/produkt\/torqlink-gateway-set\/\" \/>\n<meta property=\"og:site_name\" content=\"Torqeedo Elektromotoren\" \/>\n<meta property=\"article:modified_time\" content=\"2021-08-03T13:12:09+00:00\" \/>\n<meta property=\"og:image\" content=\"https:\/\/bodensee-promotions.ch\/torqeedo\/wp-content\/uploads\/sites\/3\/2021\/07\/2217-00-torqeedo-torqlink-gateway-set-0.jpg\" \/>\n\t<meta property=\"og:image:width\" content=\"1200\" \/>\n\t<meta property=\"og:image:height\" content=\"1200\" \/>\n\t<meta property=\"og:image:type\" content=\"image\/jpeg\" \/>\n<meta name=\"twitter:card\" content=\"summary_large_image\" \/>\n<script type=\"application\/ld+json\" class=\"yoast-schema-graph\">{\"@context\":\"https:\/\/schema.org\",\"@graph\":[{\"@type\":\"WebPage\",\"@id\":\"https:\/\/bodensee-promotions.ch\/torqeedo\/produkt\/torqlink-gateway-set\/\",\"url\":\"https:\/\/bodensee-promotions.ch\/torqeedo\/produkt\/torqlink-gateway-set\/\",\"name\":\"TorqLink Gateway-Set - Torqeedo Elektromotoren\",\"isPartOf\":{\"@id\":\"https:\/\/bodensee-promotions.ch\/torqeedo\/#website\"},\"primaryImageOfPage\":{\"@id\":\"https:\/\/bodensee-promotions.ch\/torqeedo\/produkt\/torqlink-gateway-set\/#primaryimage\"},\"image\":{\"@id\":\"https:\/\/bodensee-promotions.ch\/torqeedo\/produkt\/torqlink-gateway-set\/#primaryimage\"},\"thumbnailUrl\":\"https:\/\/bodensee-promotions.ch\/torqeedo\/wp-content\/uploads\/sites\/3\/2021\/07\/2217-00-torqeedo-torqlink-gateway-set-0.jpg\",\"datePublished\":\"2021-07-28T08:42:17+00:00\",\"dateModified\":\"2021-08-03T13:12:09+00:00\",\"breadcrumb\":{\"@id\":\"https:\/\/bodensee-promotions.ch\/torqeedo\/produkt\/torqlink-gateway-set\/#breadcrumb\"},\"inLanguage\":\"de\",\"potentialAction\":[{\"@type\":\"ReadAction\",\"target\":[\"https:\/\/bodensee-promotions.ch\/torqeedo\/produkt\/torqlink-gateway-set\/\"]}]},{\"@type\":\"ImageObject\",\"inLanguage\":\"de\",\"@id\":\"https:\/\/bodensee-promotions.ch\/torqeedo\/produkt\/torqlink-gateway-set\/#primaryimage\",\"url\":\"https:\/\/bodensee-promotions.ch\/torqeedo\/wp-content\/uploads\/sites\/3\/2021\/07\/2217-00-torqeedo-torqlink-gateway-set-0.jpg\",\"contentUrl\":\"https:\/\/bodensee-promotions.ch\/torqeedo\/wp-content\/uploads\/sites\/3\/2021\/07\/2217-00-torqeedo-torqlink-gateway-set-0.jpg\",\"width\":1200,\"height\":1200},{\"@type\":\"BreadcrumbList\",\"@id\":\"https:\/\/bodensee-promotions.ch\/torqeedo\/produkt\/torqlink-gateway-set\/#breadcrumb\",\"itemListElement\":[{\"@type\":\"ListItem\",\"position\":1,\"name\":\"Startseite\",\"item\":\"https:\/\/bodensee-promotions.ch\/torqeedo\/\"},{\"@type\":\"ListItem\",\"position\":2,\"name\":\"Shop\",\"item\":\"https:\/\/bodensee-promotions.ch\/torqeedo\/\"},{\"@type\":\"ListItem\",\"position\":3,\"name\":\"TorqLink Gateway-Set\"}]},{\"@type\":\"WebSite\",\"@id\":\"https:\/\/bodensee-promotions.ch\/torqeedo\/#website\",\"url\":\"https:\/\/bodensee-promotions.ch\/torqeedo\/\",\"name\":\"Torqeedo Elektromotoren\",\"description\":\"Eine weitere Bodensee Promotions Websites Website\",\"potentialAction\":[{\"@type\":\"SearchAction\",\"target\":{\"@type\":\"EntryPoint\",\"urlTemplate\":\"https:\/\/bodensee-promotions.ch\/torqeedo\/?s={search_term_string}\"},\"query-input\":{\"@type\":\"PropertyValueSpecification\",\"valueRequired\":true,\"valueName\":\"search_term_string\"}}],\"inLanguage\":\"de\"}]}<\/script>\n<!-- \/ Yoast SEO plugin. -->","yoast_head_json":{"title":"TorqLink Gateway-Set - Torqeedo Elektromotoren","robots":{"index":"index","follow":"follow","max-snippet":"max-snippet:-1","max-image-preview":"max-image-preview:large","max-video-preview":"max-video-preview:-1"},"canonical":"https:\/\/bodensee-promotions.ch\/torqeedo\/produkt\/torqlink-gateway-set\/","og_locale":"de_DE","og_type":"article","og_title":"TorqLink Gateway-Set - Torqeedo Elektromotoren","og_description":"EAN: 4260113695098 Garantie: 2 Jahre bei privater Nutzung Lieferumfang: TorqLink Gateway, TorqLink Terminator inkl. Notaus-Br\u00fccke, Ein-\/Ausschalter f\u00fcr Power 48-5000, Gateway-Versorgungskabel f\u00fcr Systeme ohne Power 48-5000, 5m Verl\u00e4ngerungskabel (5-polig) sowie T-Kabel (5-polig)","og_url":"https:\/\/bodensee-promotions.ch\/torqeedo\/produkt\/torqlink-gateway-set\/","og_site_name":"Torqeedo Elektromotoren","article_modified_time":"2021-08-03T13:12:09+00:00","og_image":[{"width":1200,"height":1200,"url":"https:\/\/bodensee-promotions.ch\/torqeedo\/wp-content\/uploads\/sites\/3\/2021\/07\/2217-00-torqeedo-torqlink-gateway-set-0.jpg","type":"image\/jpeg"}],"twitter_card":"summary_large_image","schema":{"@context":"https:\/\/schema.org","@graph":[{"@type":"WebPage","@id":"https:\/\/bodensee-promotions.ch\/torqeedo\/produkt\/torqlink-gateway-set\/","url":"https:\/\/bodensee-promotions.ch\/torqeedo\/produkt\/torqlink-gateway-set\/","name":"TorqLink Gateway-Set - Torqeedo Elektromotoren","isPartOf":{"@id":"https:\/\/bodensee-promotions.ch\/torqeedo\/#website"},"primaryImageOfPage":{"@id":"https:\/\/bodensee-promotions.ch\/torqeedo\/produkt\/torqlink-gateway-set\/#primaryimage"},"image":{"@id":"https:\/\/bodensee-promotions.ch\/torqeedo\/produkt\/torqlink-gateway-set\/#primaryimage"},"thumbnailUrl":"https:\/\/bodensee-promotions.ch\/torqeedo\/wp-content\/uploads\/sites\/3\/2021\/07\/2217-00-torqeedo-torqlink-gateway-set-0.jpg","datePublished":"2021-07-28T08:42:17+00:00","dateModified":"2021-08-03T13:12:09+00:00","breadcrumb":{"@id":"https:\/\/bodensee-promotions.ch\/torqeedo\/produkt\/torqlink-gateway-set\/#breadcrumb"},"inLanguage":"de","potentialAction":[{"@type":"ReadAction","target":["https:\/\/bodensee-promotions.ch\/torqeedo\/produkt\/torqlink-gateway-set\/"]}]},{"@type":"ImageObject","inLanguage":"de","@id":"https:\/\/bodensee-promotions.ch\/torqeedo\/produkt\/torqlink-gateway-set\/#primaryimage","url":"https:\/\/bodensee-promotions.ch\/torqeedo\/wp-content\/uploads\/sites\/3\/2021\/07\/2217-00-torqeedo-torqlink-gateway-set-0.jpg","contentUrl":"https:\/\/bodensee-promotions.ch\/torqeedo\/wp-content\/uploads\/sites\/3\/2021\/07\/2217-00-torqeedo-torqlink-gateway-set-0.jpg","width":1200,"height":1200},{"@type":"BreadcrumbList","@id":"https:\/\/bodensee-promotions.ch\/torqeedo\/produkt\/torqlink-gateway-set\/#breadcrumb","itemListElement":[{"@type":"ListItem","position":1,"name":"Startseite","item":"https:\/\/bodensee-promotions.ch\/torqeedo\/"},{"@type":"ListItem","position":2,"name":"Shop","item":"https:\/\/bodensee-promotions.ch\/torqeedo\/"},{"@type":"ListItem","position":3,"name":"TorqLink Gateway-Set"}]},{"@type":"WebSite","@id":"https:\/\/bodensee-promotions.ch\/torqeedo\/#website","url":"https:\/\/bodensee-promotions.ch\/torqeedo\/","name":"Torqeedo Elektromotoren","description":"Eine weitere Bodensee Promotions Websites Website","potentialAction":[{"@type":"SearchAction","target":{"@type":"EntryPoint","urlTemplate":"https:\/\/bodensee-promotions.ch\/torqeedo\/?s={search_term_string}"},"query-input":{"@type":"PropertyValueSpecification","valueRequired":true,"valueName":"search_term_string"}}],"inLanguage":"de"}]}},"_links":{"self":[{"href":"https:\/\/bodensee-promotions.ch\/torqeedo\/wp-json\/wp\/v2\/product\/241844","targetHints":{"allow":["GET"]}}],"collection":[{"href":"https:\/\/bodensee-promotions.ch\/torqeedo\/wp-json\/wp\/v2\/product"}],"about":[{"href":"https:\/\/bodensee-promotions.ch\/torqeedo\/wp-json\/wp\/v2\/types\/product"}],"wp:featuredmedia":[{"embeddable":true,"href":"https:\/\/bodensee-promotions.ch\/torqeedo\/wp-json\/wp\/v2\/media\/242174"}],"wp:attachment":[{"href":"https:\/\/bodensee-promotions.ch\/torqeedo\/wp-json\/wp\/v2\/media?parent=241844"}],"wp:term":[{"taxonomy":"product_brand","embeddable":true,"href":"https:\/\/bodensee-promotions.ch\/torqeedo\/wp-json\/wp\/v2\/product_brand?post=241844"},{"taxonomy":"product_cat","embeddable":true,"href":"https:\/\/bodensee-promotions.ch\/torqeedo\/wp-json\/wp\/v2\/product_cat?post=241844"},{"taxonomy":"product_tag","embeddable":true,"href":"https:\/\/bodensee-promotions.ch\/torqeedo\/wp-json\/wp\/v2\/product_tag?post=241844"}],"curies":[{"name":"wp","href":"https:\/\/api.w.org\/{rel}","templated":true}]}}