{"id":108,"date":"2020-05-15T11:24:00","date_gmt":"2020-05-15T09:24:00","guid":{"rendered":"https:\/\/bodensee-promotions.ch\/torqeedo\/produkt\/import-placeholder-for-5609\/"},"modified":"2024-07-15T11:07:22","modified_gmt":"2024-07-15T09:07:22","slug":"travel","status":"publish","type":"product","link":"https:\/\/bodensee-promotions.ch\/torqeedo\/produkt\/travel\/","title":{"rendered":"Travel S\/L"},"content":{"rendered":"<p>    Perfekt f\u00fcr kleinere Boote: Der extrem leise und zuverl\u00e4ssige Travel-Direktantriebsmotor mit 1100 W und 3 PS ist ideal f\u00fcr Beiboote, Jollen und Daysailer bis zu 1,5 Tonnen und damit f\u00fcr Binnengew\u00e4sser und H\u00e4fen geeignet.<br \/>\n    Leicht und tragbar: Emissionsfrei, leicht und einfach zu handhaben mit nur 11,6 kg.<br \/>\n    Benutzerfreundlich: Die Click-and-Play-Batterie bedeutet, dass keine Kabel angeschlossen werden m\u00fcssen, und die intelligente Motortechnologie bietet zus\u00e4tzliche Hightech-Funktionen. Das System ist in zwei Schaftl\u00e4ngen erh\u00e4ltlich und verf\u00fcgt \u00fcber eine klappbare, verstellbare Pinne und ein beleuchtetes Farbdisplay.<br \/>\n    Genau das, was Sie brauchen: Das Essential Package ist das leichteste Travel-Au\u00dfenborder-Paket der n\u00e4chsten Generation.<br \/>\n    Verl\u00e4ngern Sie Ihre Zeit auf dem Wasser: Die leistungsst\u00e4rkere Batterie des Range Package erh\u00f6ht die Reichweite um bis zu 32 %.<br \/>\n    Schaftl\u00e4nge: 62,5cm (Travel S), 75cm (Travel L)<br \/>\nDas Essential Package wird mit einer integrierten Lithium-Batterie mit 1080 Wh geliefert, die nur 8,6 kg wiegt. Oder Sie entscheiden sich f\u00fcr das Range Package mit einer 1425-Wh-Batterie, die Ihre Reichweite um bis zu 32 % erh\u00f6ht. Dank des Click-and-Play-Designs m\u00fcssen keine Kabel mehr angeschlossen werden, und eine praktische LED zeigt den Ladestatus auf einen Blick an, auch wenn die Batterie nicht angeschlossen ist. Schlie\u00dfen Sie das System einfach an die Steckdose an und laden Sie es mit dem 180-W-Schnellladeger\u00e4t \u00fcber das 12-V-\/24-V-Ladekabel direkt vom Boot aus auf. Mit dem Solarladekabel und den Solarmodulen mit bis zu 200 Wp k\u00f6nnen Sie die Batterie sogar solar aufladen! Torqeedo bietet seit 2005 lithiumbatteriebetriebene Schiffsantriebe an und verf\u00fcgt \u00fcber das umfassendste integrierte Schutz- und Sicherheitskonzept f\u00fcr Lithium-Batterien auf dem Markt. <\/p>\n<p>Die Pinnensteuerung gibt Ihnen die Power direkt in die Hand. Die neue und verbesserte Pinne mit stufenlos einstellbarer Geschwindigkeit und Lenkung erleichtert das Anlegen und Starten mit ihrem ultrapr\u00e4zisen, faltbaren und anpassbaren Design. Wechseln Sie zwischen Vorw\u00e4rts- und R\u00fcckw\u00e4rtsfahrt, erh\u00f6hen oder verringern Sie die Reibung und bedienen Sie das System sogar im Stehen! Das hintergrundbeleuchtete Farbdisplay ist direkt integriert und zeigt alle Informationen an, die Sie ben\u00f6tigen, einschlie\u00dflich Geschwindigkeit, Verbrauch, Ladezustand und verbleibender Reichweite in Zeit oder Entfernung. WLAN und BlueTooth geh\u00f6ren zur Standardausstattung, sodass Sie sich ganz einfach mit der TorqView App verbinden k\u00f6nnen, um Karten, Fahrtenprotokolle, Nutzungsstatistiken, Wartungsinformationen, OTA-Updates und andere Hightech-Funktionen zu nutzen. Sie m\u00f6chten Ihren Travel auf einem Boot mit Ruder oder Steuerrad verwenden? Auf der Zubeh\u00f6rseite finden Sie ein optionales Remote-Kit, mit dem Sie Ihren Travel an die Standard-Teleflex-Lenkung anschlie\u00dfen k\u00f6nnen. Wir sehen uns auf dem Wasser!<\/p>\n","protected":false},"excerpt":{"rendered":"<p>Artikelnummer: 1160-00  | EAN: 4260113697344 <\/p>\n<p>Lieferumfang: Au\u00dfenborder mit Pinnensteuerung, Not-Aus-Magnetchip (1978-00), Ladeger\u00e4t 180W (7012-00), Propeller 10&#215;6,5 WDR (7006-00), Wellenanode f\u00fcr Motorwelle (1939-00), Finne (7013-00), Betriebsanleitung<br \/>\nGarantie: 2 Jahre bei privater Nutzung<\/p>\n<p><a href=\"https:\/\/www.torqeedo.com\/de\/produkte\/aussenborder\/travel\/travel\/M-1160-00.html\" target=\"_blank\" rel=\"noopener noreferrer\">Weitere Informationen und Produktedetails auf der Torqeedo Webseite<\/a><\/p>\n","protected":false},"featured_media":242413,"template":"","meta":{"_et_pb_use_builder":"","_et_pb_old_content":"","_et_gb_content_width":""},"product_brand":[],"product_cat":[17,16,19],"product_tag":[],"class_list":{"0":"post-108","1":"product","2":"type-product","3":"status-publish","4":"has-post-thumbnail","6":"product_cat-aussenborder","7":"product_cat-torqeedo-elektromotoren","8":"product_cat-travel","10":"first","11":"instock","12":"taxable","13":"shipping-taxable","14":"purchasable","15":"product-type-variable"},"yoast_head":"<!-- This site is optimized with the Yoast SEO plugin v25.5 - https:\/\/yoast.com\/wordpress\/plugins\/seo\/ -->\n<title>Travel S\/L - Torqeedo Elektromotoren<\/title>\n<meta name=\"robots\" content=\"index, follow, max-snippet:-1, max-image-preview:large, max-video-preview:-1\" \/>\n<link rel=\"canonical\" href=\"https:\/\/bodensee-promotions.ch\/torqeedo\/produkt\/travel\/\" \/>\n<meta property=\"og:locale\" content=\"de_DE\" \/>\n<meta property=\"og:type\" content=\"article\" \/>\n<meta property=\"og:title\" content=\"Travel S\/L - Torqeedo Elektromotoren\" \/>\n<meta property=\"og:description\" content=\"Artikelnummer: 1160-00 | EAN: 4260113697344   Lieferumfang: Au\u00dfenborder mit Pinnensteuerung, Not-Aus-Magnetchip (1978-00), Ladeger\u00e4t 180W (7012-00), Propeller 10x6,5 WDR (7006-00), Wellenanode f\u00fcr Motorwelle (1939-00), Finne (7013-00), Betriebsanleitung Garantie: 2 Jahre bei privater Nutzung  Weitere Informationen und Produktedetails auf der Torqeedo Webseite\" \/>\n<meta property=\"og:url\" content=\"https:\/\/bodensee-promotions.ch\/torqeedo\/produkt\/travel\/\" \/>\n<meta property=\"og:site_name\" content=\"Torqeedo Elektromotoren\" \/>\n<meta property=\"article:modified_time\" content=\"2024-07-15T09:07:22+00:00\" \/>\n<meta property=\"og:image\" content=\"https:\/\/bodensee-promotions.ch\/torqeedo\/wp-content\/uploads\/sites\/3\/2020\/05\/1160-00-torqeedo-travel-1104-1200x1200-1.jpg\" \/>\n\t<meta property=\"og:image:width\" content=\"1200\" \/>\n\t<meta property=\"og:image:height\" content=\"1200\" \/>\n\t<meta property=\"og:image:type\" content=\"image\/jpeg\" \/>\n<meta name=\"twitter:card\" content=\"summary_large_image\" \/>\n<meta name=\"twitter:label1\" content=\"Gesch\u00e4tzte Lesezeit\" \/>\n\t<meta name=\"twitter:data1\" content=\"3\u00a0Minuten\" \/>\n<script type=\"application\/ld+json\" class=\"yoast-schema-graph\">{\"@context\":\"https:\/\/schema.org\",\"@graph\":[{\"@type\":\"WebPage\",\"@id\":\"https:\/\/bodensee-promotions.ch\/torqeedo\/produkt\/travel\/\",\"url\":\"https:\/\/bodensee-promotions.ch\/torqeedo\/produkt\/travel\/\",\"name\":\"Travel S\/L - Torqeedo Elektromotoren\",\"isPartOf\":{\"@id\":\"https:\/\/bodensee-promotions.ch\/torqeedo\/#website\"},\"primaryImageOfPage\":{\"@id\":\"https:\/\/bodensee-promotions.ch\/torqeedo\/produkt\/travel\/#primaryimage\"},\"image\":{\"@id\":\"https:\/\/bodensee-promotions.ch\/torqeedo\/produkt\/travel\/#primaryimage\"},\"thumbnailUrl\":\"https:\/\/bodensee-promotions.ch\/torqeedo\/wp-content\/uploads\/sites\/3\/2020\/05\/1160-00-torqeedo-travel-1104-1200x1200-1.jpg\",\"datePublished\":\"2020-05-15T09:24:00+00:00\",\"dateModified\":\"2024-07-15T09:07:22+00:00\",\"breadcrumb\":{\"@id\":\"https:\/\/bodensee-promotions.ch\/torqeedo\/produkt\/travel\/#breadcrumb\"},\"inLanguage\":\"de\",\"potentialAction\":[{\"@type\":\"ReadAction\",\"target\":[\"https:\/\/bodensee-promotions.ch\/torqeedo\/produkt\/travel\/\"]}]},{\"@type\":\"ImageObject\",\"inLanguage\":\"de\",\"@id\":\"https:\/\/bodensee-promotions.ch\/torqeedo\/produkt\/travel\/#primaryimage\",\"url\":\"https:\/\/bodensee-promotions.ch\/torqeedo\/wp-content\/uploads\/sites\/3\/2020\/05\/1160-00-torqeedo-travel-1104-1200x1200-1.jpg\",\"contentUrl\":\"https:\/\/bodensee-promotions.ch\/torqeedo\/wp-content\/uploads\/sites\/3\/2020\/05\/1160-00-torqeedo-travel-1104-1200x1200-1.jpg\",\"width\":1200,\"height\":1200},{\"@type\":\"BreadcrumbList\",\"@id\":\"https:\/\/bodensee-promotions.ch\/torqeedo\/produkt\/travel\/#breadcrumb\",\"itemListElement\":[{\"@type\":\"ListItem\",\"position\":1,\"name\":\"Startseite\",\"item\":\"https:\/\/bodensee-promotions.ch\/torqeedo\/\"},{\"@type\":\"ListItem\",\"position\":2,\"name\":\"Shop\",\"item\":\"https:\/\/bodensee-promotions.ch\/torqeedo\/\"},{\"@type\":\"ListItem\",\"position\":3,\"name\":\"Travel S\/L\"}]},{\"@type\":\"WebSite\",\"@id\":\"https:\/\/bodensee-promotions.ch\/torqeedo\/#website\",\"url\":\"https:\/\/bodensee-promotions.ch\/torqeedo\/\",\"name\":\"Torqeedo Elektromotoren\",\"description\":\"Eine weitere Bodensee Promotions Websites Website\",\"potentialAction\":[{\"@type\":\"SearchAction\",\"target\":{\"@type\":\"EntryPoint\",\"urlTemplate\":\"https:\/\/bodensee-promotions.ch\/torqeedo\/?s={search_term_string}\"},\"query-input\":{\"@type\":\"PropertyValueSpecification\",\"valueRequired\":true,\"valueName\":\"search_term_string\"}}],\"inLanguage\":\"de\"}]}<\/script>\n<!-- \/ Yoast SEO plugin. -->","yoast_head_json":{"title":"Travel S\/L - Torqeedo Elektromotoren","robots":{"index":"index","follow":"follow","max-snippet":"max-snippet:-1","max-image-preview":"max-image-preview:large","max-video-preview":"max-video-preview:-1"},"canonical":"https:\/\/bodensee-promotions.ch\/torqeedo\/produkt\/travel\/","og_locale":"de_DE","og_type":"article","og_title":"Travel S\/L - Torqeedo Elektromotoren","og_description":"Artikelnummer: 1160-00 | EAN: 4260113697344   Lieferumfang: Au\u00dfenborder mit Pinnensteuerung, Not-Aus-Magnetchip (1978-00), Ladeger\u00e4t 180W (7012-00), Propeller 10x6,5 WDR (7006-00), Wellenanode f\u00fcr Motorwelle (1939-00), Finne (7013-00), Betriebsanleitung Garantie: 2 Jahre bei privater Nutzung  Weitere Informationen und Produktedetails auf der Torqeedo Webseite","og_url":"https:\/\/bodensee-promotions.ch\/torqeedo\/produkt\/travel\/","og_site_name":"Torqeedo Elektromotoren","article_modified_time":"2024-07-15T09:07:22+00:00","og_image":[{"width":1200,"height":1200,"url":"https:\/\/bodensee-promotions.ch\/torqeedo\/wp-content\/uploads\/sites\/3\/2020\/05\/1160-00-torqeedo-travel-1104-1200x1200-1.jpg","type":"image\/jpeg"}],"twitter_card":"summary_large_image","twitter_misc":{"Gesch\u00e4tzte Lesezeit":"3\u00a0Minuten"},"schema":{"@context":"https:\/\/schema.org","@graph":[{"@type":"WebPage","@id":"https:\/\/bodensee-promotions.ch\/torqeedo\/produkt\/travel\/","url":"https:\/\/bodensee-promotions.ch\/torqeedo\/produkt\/travel\/","name":"Travel S\/L - Torqeedo Elektromotoren","isPartOf":{"@id":"https:\/\/bodensee-promotions.ch\/torqeedo\/#website"},"primaryImageOfPage":{"@id":"https:\/\/bodensee-promotions.ch\/torqeedo\/produkt\/travel\/#primaryimage"},"image":{"@id":"https:\/\/bodensee-promotions.ch\/torqeedo\/produkt\/travel\/#primaryimage"},"thumbnailUrl":"https:\/\/bodensee-promotions.ch\/torqeedo\/wp-content\/uploads\/sites\/3\/2020\/05\/1160-00-torqeedo-travel-1104-1200x1200-1.jpg","datePublished":"2020-05-15T09:24:00+00:00","dateModified":"2024-07-15T09:07:22+00:00","breadcrumb":{"@id":"https:\/\/bodensee-promotions.ch\/torqeedo\/produkt\/travel\/#breadcrumb"},"inLanguage":"de","potentialAction":[{"@type":"ReadAction","target":["https:\/\/bodensee-promotions.ch\/torqeedo\/produkt\/travel\/"]}]},{"@type":"ImageObject","inLanguage":"de","@id":"https:\/\/bodensee-promotions.ch\/torqeedo\/produkt\/travel\/#primaryimage","url":"https:\/\/bodensee-promotions.ch\/torqeedo\/wp-content\/uploads\/sites\/3\/2020\/05\/1160-00-torqeedo-travel-1104-1200x1200-1.jpg","contentUrl":"https:\/\/bodensee-promotions.ch\/torqeedo\/wp-content\/uploads\/sites\/3\/2020\/05\/1160-00-torqeedo-travel-1104-1200x1200-1.jpg","width":1200,"height":1200},{"@type":"BreadcrumbList","@id":"https:\/\/bodensee-promotions.ch\/torqeedo\/produkt\/travel\/#breadcrumb","itemListElement":[{"@type":"ListItem","position":1,"name":"Startseite","item":"https:\/\/bodensee-promotions.ch\/torqeedo\/"},{"@type":"ListItem","position":2,"name":"Shop","item":"https:\/\/bodensee-promotions.ch\/torqeedo\/"},{"@type":"ListItem","position":3,"name":"Travel S\/L"}]},{"@type":"WebSite","@id":"https:\/\/bodensee-promotions.ch\/torqeedo\/#website","url":"https:\/\/bodensee-promotions.ch\/torqeedo\/","name":"Torqeedo Elektromotoren","description":"Eine weitere Bodensee Promotions Websites Website","potentialAction":[{"@type":"SearchAction","target":{"@type":"EntryPoint","urlTemplate":"https:\/\/bodensee-promotions.ch\/torqeedo\/?s={search_term_string}"},"query-input":{"@type":"PropertyValueSpecification","valueRequired":true,"valueName":"search_term_string"}}],"inLanguage":"de"}]}},"_links":{"self":[{"href":"https:\/\/bodensee-promotions.ch\/torqeedo\/wp-json\/wp\/v2\/product\/108","targetHints":{"allow":["GET"]}}],"collection":[{"href":"https:\/\/bodensee-promotions.ch\/torqeedo\/wp-json\/wp\/v2\/product"}],"about":[{"href":"https:\/\/bodensee-promotions.ch\/torqeedo\/wp-json\/wp\/v2\/types\/product"}],"wp:featuredmedia":[{"embeddable":true,"href":"https:\/\/bodensee-promotions.ch\/torqeedo\/wp-json\/wp\/v2\/media\/242413"}],"wp:attachment":[{"href":"https:\/\/bodensee-promotions.ch\/torqeedo\/wp-json\/wp\/v2\/media?parent=108"}],"wp:term":[{"taxonomy":"product_brand","embeddable":true,"href":"https:\/\/bodensee-promotions.ch\/torqeedo\/wp-json\/wp\/v2\/product_brand?post=108"},{"taxonomy":"product_cat","embeddable":true,"href":"https:\/\/bodensee-promotions.ch\/torqeedo\/wp-json\/wp\/v2\/product_cat?post=108"},{"taxonomy":"product_tag","embeddable":true,"href":"https:\/\/bodensee-promotions.ch\/torqeedo\/wp-json\/wp\/v2\/product_tag?post=108"}],"curies":[{"name":"wp","href":"https:\/\/api.w.org\/{rel}","templated":true}]}}