{"id":106,"date":"2020-05-15T11:24:00","date_gmt":"2020-05-15T09:24:00","guid":{"rendered":"https:\/\/bodensee-promotions.ch\/torqeedo\/produkt\/import-placeholder-for-5605\/"},"modified":"2024-07-15T11:15:57","modified_gmt":"2024-07-15T09:15:57","slug":"travel-903","status":"publish","type":"product","link":"https:\/\/bodensee-promotions.ch\/torqeedo\/produkt\/travel-903\/","title":{"rendered":"Travel 903 S\/L"},"content":{"rendered":"<p>Durch eine leistungsstarke Weiterentwicklung bietet er jetzt eine beeindruckende gr\u00f6\u00dfere Reichweite von 14% im Vergleich zum Travel 1103 und ist mit einem hoch-effizienten Propeller ausgestattet. Mit einer Leistung von 900 W treibt er m\u00fchelos Boote bis zu 1,3 Tonnen an und eignet sich perfekt als Antrieb von kleinen Segelbooten oder zum Erkunden von Seen und Fl\u00fcssen mit der Familie. Im Bereich der leichten elektrischen Au\u00dfenbordmotoren ist er unschlagbar und verspricht Ihnen ein fast lautloses Gleiten durch das Wasser und kraftvollen Schub \u2013 zu 100 % emissionsfrei. Er wird Ihre Bootserfahrung neu definieren \u2013 und das zum dem besten Preis-Leistungsverh\u00e4ltnis!<\/p>\n<p>Travel 903 \u2013 Vorteile:<\/p>\n<p>    Leistung von 900 W<br \/>\n    Hochleistungsf\u00e4higer 915 Wh Lithium-Ionen-Akku<br \/>\n    Aufger\u00fcstete Spiegelhalterung<br \/>\n    Vollst\u00e4ndig wasserdicht (IP67)<br \/>\n    Unmittelbare Gasannahme<br \/>\n    An Bord befindlicher Computer mit GPS-basierter Berechnung der verbleibenden Reichweite<br \/>\n    Solar aufladbar \u2013 auch w\u00e4hrend der Fahrt<br \/>\n    Kann leicht f\u00fcr den Transport und platzsparende Lagerung demontiert werden; der Au\u00dfenbordmotor wiegt allein nur 11,3 kg (S) \/ 11,7 kg (L)<br \/>\n    Eine saubere Angelegenheit: Egal wie oder wo Sie Ihren Travel aufbewahren \u2013 keine Gefahr von Leckagen oder Benzin-Ger\u00fcchen<\/p>\n","protected":false},"excerpt":{"rendered":"<p>    Artikelnummer: 1156-00  | EAN: 4260113697313<\/p>\n<p>    Lieferumfang: Travel 903 mit Akku, Ladeger\u00e4t &#038; Not-Aus-Magnetchip<br \/>\n    Bitte bestellen Sie das Al Anoden Set (geeignet f\u00fcr alle Gew\u00e4sser) separat<\/p>\n<p><a href=\"https:\/\/www.torqeedo.com\/de\/produkte\/aussenborder\/travel\/travel-903\/M-1156-00.html\" target=\"_blank\" rel=\"noopener noreferrer\">Weitere Informationen und Produktedetails auf der Torqeedo Webseite<\/a><\/p>\n","protected":false},"featured_media":242405,"template":"","meta":{"_et_pb_use_builder":"","_et_pb_old_content":"","_et_gb_content_width":""},"product_brand":[],"product_cat":[17,16,19],"product_tag":[],"class_list":{"0":"post-106","1":"product","2":"type-product","3":"status-publish","4":"has-post-thumbnail","6":"product_cat-aussenborder","7":"product_cat-torqeedo-elektromotoren","8":"product_cat-travel","10":"first","11":"instock","12":"sold-individually","13":"taxable","14":"shipping-taxable","15":"purchasable","16":"product-type-variable"},"yoast_head":"<!-- This site is optimized with the Yoast SEO plugin v25.5 - https:\/\/yoast.com\/wordpress\/plugins\/seo\/ -->\n<title>Travel 903 S\/L - Torqeedo Elektromotoren<\/title>\n<meta name=\"robots\" content=\"index, follow, max-snippet:-1, max-image-preview:large, max-video-preview:-1\" \/>\n<link rel=\"canonical\" href=\"https:\/\/bodensee-promotions.ch\/torqeedo\/produkt\/travel-903\/\" \/>\n<meta property=\"og:locale\" content=\"de_DE\" \/>\n<meta property=\"og:type\" content=\"article\" \/>\n<meta property=\"og:title\" content=\"Travel 903 S\/L - Torqeedo Elektromotoren\" \/>\n<meta property=\"og:description\" content=\"Artikelnummer: 1156-00 | EAN: 4260113697313    Lieferumfang: Travel 903 mit Akku, Ladeger\u00e4t &amp; Not-Aus-Magnetchip   Bitte bestellen Sie das Al Anoden Set (geeignet f\u00fcr alle Gew\u00e4sser) separat  Weitere Informationen und Produktedetails auf der Torqeedo Webseite\" \/>\n<meta property=\"og:url\" content=\"https:\/\/bodensee-promotions.ch\/torqeedo\/produkt\/travel-903\/\" \/>\n<meta property=\"og:site_name\" content=\"Torqeedo Elektromotoren\" \/>\n<meta property=\"article:modified_time\" content=\"2024-07-15T09:15:57+00:00\" \/>\n<meta property=\"og:image\" content=\"https:\/\/bodensee-promotions.ch\/torqeedo\/wp-content\/uploads\/sites\/3\/2020\/05\/1156-00-torqeedo-travel-903-c-electric-outboard-motor-1200x1200-1-1.jpg\" \/>\n\t<meta property=\"og:image:width\" content=\"1200\" \/>\n\t<meta property=\"og:image:height\" content=\"1200\" \/>\n\t<meta property=\"og:image:type\" content=\"image\/jpeg\" \/>\n<meta name=\"twitter:card\" content=\"summary_large_image\" \/>\n<meta name=\"twitter:label1\" content=\"Gesch\u00e4tzte Lesezeit\" \/>\n\t<meta name=\"twitter:data1\" content=\"2\u00a0Minuten\" \/>\n<script type=\"application\/ld+json\" class=\"yoast-schema-graph\">{\"@context\":\"https:\/\/schema.org\",\"@graph\":[{\"@type\":\"WebPage\",\"@id\":\"https:\/\/bodensee-promotions.ch\/torqeedo\/produkt\/travel-903\/\",\"url\":\"https:\/\/bodensee-promotions.ch\/torqeedo\/produkt\/travel-903\/\",\"name\":\"Travel 903 S\/L - Torqeedo Elektromotoren\",\"isPartOf\":{\"@id\":\"https:\/\/bodensee-promotions.ch\/torqeedo\/#website\"},\"primaryImageOfPage\":{\"@id\":\"https:\/\/bodensee-promotions.ch\/torqeedo\/produkt\/travel-903\/#primaryimage\"},\"image\":{\"@id\":\"https:\/\/bodensee-promotions.ch\/torqeedo\/produkt\/travel-903\/#primaryimage\"},\"thumbnailUrl\":\"https:\/\/bodensee-promotions.ch\/torqeedo\/wp-content\/uploads\/sites\/3\/2020\/05\/1156-00-torqeedo-travel-903-c-electric-outboard-motor-1200x1200-1-1.jpg\",\"datePublished\":\"2020-05-15T09:24:00+00:00\",\"dateModified\":\"2024-07-15T09:15:57+00:00\",\"breadcrumb\":{\"@id\":\"https:\/\/bodensee-promotions.ch\/torqeedo\/produkt\/travel-903\/#breadcrumb\"},\"inLanguage\":\"de\",\"potentialAction\":[{\"@type\":\"ReadAction\",\"target\":[\"https:\/\/bodensee-promotions.ch\/torqeedo\/produkt\/travel-903\/\"]}]},{\"@type\":\"ImageObject\",\"inLanguage\":\"de\",\"@id\":\"https:\/\/bodensee-promotions.ch\/torqeedo\/produkt\/travel-903\/#primaryimage\",\"url\":\"https:\/\/bodensee-promotions.ch\/torqeedo\/wp-content\/uploads\/sites\/3\/2020\/05\/1156-00-torqeedo-travel-903-c-electric-outboard-motor-1200x1200-1-1.jpg\",\"contentUrl\":\"https:\/\/bodensee-promotions.ch\/torqeedo\/wp-content\/uploads\/sites\/3\/2020\/05\/1156-00-torqeedo-travel-903-c-electric-outboard-motor-1200x1200-1-1.jpg\",\"width\":1200,\"height\":1200},{\"@type\":\"BreadcrumbList\",\"@id\":\"https:\/\/bodensee-promotions.ch\/torqeedo\/produkt\/travel-903\/#breadcrumb\",\"itemListElement\":[{\"@type\":\"ListItem\",\"position\":1,\"name\":\"Startseite\",\"item\":\"https:\/\/bodensee-promotions.ch\/torqeedo\/\"},{\"@type\":\"ListItem\",\"position\":2,\"name\":\"Shop\",\"item\":\"https:\/\/bodensee-promotions.ch\/torqeedo\/\"},{\"@type\":\"ListItem\",\"position\":3,\"name\":\"Travel 903 S\/L\"}]},{\"@type\":\"WebSite\",\"@id\":\"https:\/\/bodensee-promotions.ch\/torqeedo\/#website\",\"url\":\"https:\/\/bodensee-promotions.ch\/torqeedo\/\",\"name\":\"Torqeedo Elektromotoren\",\"description\":\"Eine weitere Bodensee Promotions Websites Website\",\"potentialAction\":[{\"@type\":\"SearchAction\",\"target\":{\"@type\":\"EntryPoint\",\"urlTemplate\":\"https:\/\/bodensee-promotions.ch\/torqeedo\/?s={search_term_string}\"},\"query-input\":{\"@type\":\"PropertyValueSpecification\",\"valueRequired\":true,\"valueName\":\"search_term_string\"}}],\"inLanguage\":\"de\"}]}<\/script>\n<!-- \/ Yoast SEO plugin. -->","yoast_head_json":{"title":"Travel 903 S\/L - Torqeedo Elektromotoren","robots":{"index":"index","follow":"follow","max-snippet":"max-snippet:-1","max-image-preview":"max-image-preview:large","max-video-preview":"max-video-preview:-1"},"canonical":"https:\/\/bodensee-promotions.ch\/torqeedo\/produkt\/travel-903\/","og_locale":"de_DE","og_type":"article","og_title":"Travel 903 S\/L - Torqeedo Elektromotoren","og_description":"Artikelnummer: 1156-00 | EAN: 4260113697313    Lieferumfang: Travel 903 mit Akku, Ladeger\u00e4t & Not-Aus-Magnetchip   Bitte bestellen Sie das Al Anoden Set (geeignet f\u00fcr alle Gew\u00e4sser) separat  Weitere Informationen und Produktedetails auf der Torqeedo Webseite","og_url":"https:\/\/bodensee-promotions.ch\/torqeedo\/produkt\/travel-903\/","og_site_name":"Torqeedo Elektromotoren","article_modified_time":"2024-07-15T09:15:57+00:00","og_image":[{"width":1200,"height":1200,"url":"https:\/\/bodensee-promotions.ch\/torqeedo\/wp-content\/uploads\/sites\/3\/2020\/05\/1156-00-torqeedo-travel-903-c-electric-outboard-motor-1200x1200-1-1.jpg","type":"image\/jpeg"}],"twitter_card":"summary_large_image","twitter_misc":{"Gesch\u00e4tzte Lesezeit":"2\u00a0Minuten"},"schema":{"@context":"https:\/\/schema.org","@graph":[{"@type":"WebPage","@id":"https:\/\/bodensee-promotions.ch\/torqeedo\/produkt\/travel-903\/","url":"https:\/\/bodensee-promotions.ch\/torqeedo\/produkt\/travel-903\/","name":"Travel 903 S\/L - Torqeedo Elektromotoren","isPartOf":{"@id":"https:\/\/bodensee-promotions.ch\/torqeedo\/#website"},"primaryImageOfPage":{"@id":"https:\/\/bodensee-promotions.ch\/torqeedo\/produkt\/travel-903\/#primaryimage"},"image":{"@id":"https:\/\/bodensee-promotions.ch\/torqeedo\/produkt\/travel-903\/#primaryimage"},"thumbnailUrl":"https:\/\/bodensee-promotions.ch\/torqeedo\/wp-content\/uploads\/sites\/3\/2020\/05\/1156-00-torqeedo-travel-903-c-electric-outboard-motor-1200x1200-1-1.jpg","datePublished":"2020-05-15T09:24:00+00:00","dateModified":"2024-07-15T09:15:57+00:00","breadcrumb":{"@id":"https:\/\/bodensee-promotions.ch\/torqeedo\/produkt\/travel-903\/#breadcrumb"},"inLanguage":"de","potentialAction":[{"@type":"ReadAction","target":["https:\/\/bodensee-promotions.ch\/torqeedo\/produkt\/travel-903\/"]}]},{"@type":"ImageObject","inLanguage":"de","@id":"https:\/\/bodensee-promotions.ch\/torqeedo\/produkt\/travel-903\/#primaryimage","url":"https:\/\/bodensee-promotions.ch\/torqeedo\/wp-content\/uploads\/sites\/3\/2020\/05\/1156-00-torqeedo-travel-903-c-electric-outboard-motor-1200x1200-1-1.jpg","contentUrl":"https:\/\/bodensee-promotions.ch\/torqeedo\/wp-content\/uploads\/sites\/3\/2020\/05\/1156-00-torqeedo-travel-903-c-electric-outboard-motor-1200x1200-1-1.jpg","width":1200,"height":1200},{"@type":"BreadcrumbList","@id":"https:\/\/bodensee-promotions.ch\/torqeedo\/produkt\/travel-903\/#breadcrumb","itemListElement":[{"@type":"ListItem","position":1,"name":"Startseite","item":"https:\/\/bodensee-promotions.ch\/torqeedo\/"},{"@type":"ListItem","position":2,"name":"Shop","item":"https:\/\/bodensee-promotions.ch\/torqeedo\/"},{"@type":"ListItem","position":3,"name":"Travel 903 S\/L"}]},{"@type":"WebSite","@id":"https:\/\/bodensee-promotions.ch\/torqeedo\/#website","url":"https:\/\/bodensee-promotions.ch\/torqeedo\/","name":"Torqeedo Elektromotoren","description":"Eine weitere Bodensee Promotions Websites Website","potentialAction":[{"@type":"SearchAction","target":{"@type":"EntryPoint","urlTemplate":"https:\/\/bodensee-promotions.ch\/torqeedo\/?s={search_term_string}"},"query-input":{"@type":"PropertyValueSpecification","valueRequired":true,"valueName":"search_term_string"}}],"inLanguage":"de"}]}},"_links":{"self":[{"href":"https:\/\/bodensee-promotions.ch\/torqeedo\/wp-json\/wp\/v2\/product\/106","targetHints":{"allow":["GET"]}}],"collection":[{"href":"https:\/\/bodensee-promotions.ch\/torqeedo\/wp-json\/wp\/v2\/product"}],"about":[{"href":"https:\/\/bodensee-promotions.ch\/torqeedo\/wp-json\/wp\/v2\/types\/product"}],"wp:featuredmedia":[{"embeddable":true,"href":"https:\/\/bodensee-promotions.ch\/torqeedo\/wp-json\/wp\/v2\/media\/242405"}],"wp:attachment":[{"href":"https:\/\/bodensee-promotions.ch\/torqeedo\/wp-json\/wp\/v2\/media?parent=106"}],"wp:term":[{"taxonomy":"product_brand","embeddable":true,"href":"https:\/\/bodensee-promotions.ch\/torqeedo\/wp-json\/wp\/v2\/product_brand?post=106"},{"taxonomy":"product_cat","embeddable":true,"href":"https:\/\/bodensee-promotions.ch\/torqeedo\/wp-json\/wp\/v2\/product_cat?post=106"},{"taxonomy":"product_tag","embeddable":true,"href":"https:\/\/bodensee-promotions.ch\/torqeedo\/wp-json\/wp\/v2\/product_tag?post=106"}],"curies":[{"name":"wp","href":"https:\/\/api.w.org\/{rel}","templated":true}]}}