{"id":334,"date":"2020-11-27T15:41:01","date_gmt":"2020-11-27T14:41:01","guid":{"rendered":"https:\/\/bodensee-promotions.ch\/ces\/?post_type=product&#038;p=334"},"modified":"2021-07-01T14:41:48","modified_gmt":"2021-07-01T12:41:48","slug":"omega-flex-rf-stick-set","status":"publish","type":"product","link":"https:\/\/bodensee-promotions.ch\/ces\/produkt\/omega-flex-rf-stick-set\/","title":{"rendered":"OMEGA FLEX RF-Stick Programmierset"},"content":{"rendered":"<p>OMEGA FLEX RF-Stick Set<br \/>\nID-System LEGIC oder MIFARE<br \/>\nbestehend aus:<br \/>\n1 CEStronics RF-Stick<br \/>\n1 CES USB Stick (1 GB) mit Schlie\u00dfanlagendatei und Lizenzdatei<br \/>\nSoftware-Einzelplatz-Lizenz<br \/>\n1 System-Master<br \/>\n1 RF-Stick Master<\/p>\n","protected":false},"excerpt":{"rendered":"<p>Bei der Offline-Programmierung mit Laptop und RF-Stick k\u00f6nnen Sie Zutrittsberechtigungen zeitlich einschr\u00e4nken. Die Berechtigungen bearbeiten Sie bequem in der Software am Arbeitsplatz. Die \u00dcbertragung an die Schlie\u00dfger\u00e4te erfolgt \u00fcber den Laptop und den RF-Stick.<\/p>\n<ul>\n<li>Berechtigungen im Schlie\u00dfger\u00e4t<\/li>\n<li>Programmierung mit RF-Stick und Netbook<\/li>\n<li>Berechtigungen in den Schlie\u00dfkomponenten<\/li>\n<li>Komfortable Programmierung \u00fcber Funk<\/li>\n<li>Standard Laptop\/Netbook verwendbar<\/li>\n<li>Einfache Benutzerf\u00fchrung durch Lauflisten<\/li>\n<li>Kein Netzwerk erforderlich<\/li>\n<\/ul>\n","protected":false},"featured_media":365,"template":"","meta":{"_et_pb_use_builder":"","_et_pb_old_content":"","_et_gb_content_width":""},"product_brand":[],"product_cat":[51,58],"product_tag":[],"class_list":{"0":"post-334","1":"product","2":"type-product","3":"status-publish","4":"has-post-thumbnail","6":"product_cat-programmierung","7":"product_cat-programmierung-mit-pc","9":"first","10":"outofstock","11":"shipping-taxable","12":"purchasable","13":"product-type-variable"},"yoast_head":"<!-- This site is optimized with the Yoast SEO plugin v25.5 - https:\/\/yoast.com\/wordpress\/plugins\/seo\/ -->\n<title>OMEGA FLEX RF-Stick Programmierset - CES Schliesssysteme<\/title>\n<meta name=\"description\" content=\"Berechtigungen im Schlie\u00dfger\u00e4tProgrammierung mit RF-Stick und Netbook\u2022 Berechtigungen in den Schlie\u00dfkomponenten\u2022 Komfortable Programmierung \u00fcber Funk\u2022 Standard Laptop\/Netbook verwendbar\u2022 Einfache Benutzerf\u00fchrung durch Lauflisten\u2022 Kein Netzwerk erforderlich\" \/>\n<meta name=\"robots\" content=\"index, follow, max-snippet:-1, max-image-preview:large, max-video-preview:-1\" \/>\n<link rel=\"canonical\" href=\"https:\/\/bodensee-promotions.ch\/ces\/produkt\/omega-flex-rf-stick-set\/\" \/>\n<meta property=\"og:locale\" content=\"de_DE\" \/>\n<meta property=\"og:type\" content=\"article\" \/>\n<meta property=\"og:title\" content=\"OMEGA FLEX RF-Stick Programmierset - CES Schliesssysteme\" \/>\n<meta property=\"og:description\" content=\"Berechtigungen im Schlie\u00dfger\u00e4tProgrammierung mit RF-Stick und Netbook\u2022 Berechtigungen in den Schlie\u00dfkomponenten\u2022 Komfortable Programmierung \u00fcber Funk\u2022 Standard Laptop\/Netbook verwendbar\u2022 Einfache Benutzerf\u00fchrung durch Lauflisten\u2022 Kein Netzwerk erforderlich\" \/>\n<meta property=\"og:url\" content=\"https:\/\/bodensee-promotions.ch\/ces\/produkt\/omega-flex-rf-stick-set\/\" \/>\n<meta property=\"og:site_name\" content=\"CES Schliesssysteme\" \/>\n<meta property=\"article:modified_time\" content=\"2021-07-01T12:41:48+00:00\" \/>\n<meta property=\"og:image\" content=\"https:\/\/bodensee-promotions.ch\/ces\/wp-content\/uploads\/sites\/2\/2020\/11\/OMEGA-FLEX-RF-Stick-Programmierpaket-01.png\" \/>\n\t<meta property=\"og:image:width\" content=\"4356\" \/>\n\t<meta property=\"og:image:height\" content=\"1353\" \/>\n\t<meta property=\"og:image:type\" content=\"image\/png\" \/>\n<meta name=\"twitter:card\" content=\"summary_large_image\" \/>\n<script type=\"application\/ld+json\" class=\"yoast-schema-graph\">{\"@context\":\"https:\/\/schema.org\",\"@graph\":[{\"@type\":\"WebPage\",\"@id\":\"https:\/\/bodensee-promotions.ch\/ces\/produkt\/omega-flex-rf-stick-set\/\",\"url\":\"https:\/\/bodensee-promotions.ch\/ces\/produkt\/omega-flex-rf-stick-set\/\",\"name\":\"OMEGA FLEX RF-Stick Programmierset - CES Schliesssysteme\",\"isPartOf\":{\"@id\":\"https:\/\/bodensee-promotions.ch\/ces\/#website\"},\"primaryImageOfPage\":{\"@id\":\"https:\/\/bodensee-promotions.ch\/ces\/produkt\/omega-flex-rf-stick-set\/#primaryimage\"},\"image\":{\"@id\":\"https:\/\/bodensee-promotions.ch\/ces\/produkt\/omega-flex-rf-stick-set\/#primaryimage\"},\"thumbnailUrl\":\"https:\/\/bodensee-promotions.ch\/ces\/wp-content\/uploads\/sites\/2\/2020\/11\/OMEGA-FLEX-RF-Stick-Programmierpaket-01.png\",\"datePublished\":\"2020-11-27T14:41:01+00:00\",\"dateModified\":\"2021-07-01T12:41:48+00:00\",\"description\":\"Berechtigungen im Schlie\u00dfger\u00e4tProgrammierung mit RF-Stick und Netbook\u2022 Berechtigungen in den Schlie\u00dfkomponenten\u2022 Komfortable Programmierung \u00fcber Funk\u2022 Standard Laptop\/Netbook verwendbar\u2022 Einfache Benutzerf\u00fchrung durch Lauflisten\u2022 Kein Netzwerk erforderlich\",\"breadcrumb\":{\"@id\":\"https:\/\/bodensee-promotions.ch\/ces\/produkt\/omega-flex-rf-stick-set\/#breadcrumb\"},\"inLanguage\":\"de\",\"potentialAction\":[{\"@type\":\"ReadAction\",\"target\":[\"https:\/\/bodensee-promotions.ch\/ces\/produkt\/omega-flex-rf-stick-set\/\"]}]},{\"@type\":\"ImageObject\",\"inLanguage\":\"de\",\"@id\":\"https:\/\/bodensee-promotions.ch\/ces\/produkt\/omega-flex-rf-stick-set\/#primaryimage\",\"url\":\"https:\/\/bodensee-promotions.ch\/ces\/wp-content\/uploads\/sites\/2\/2020\/11\/OMEGA-FLEX-RF-Stick-Programmierpaket-01.png\",\"contentUrl\":\"https:\/\/bodensee-promotions.ch\/ces\/wp-content\/uploads\/sites\/2\/2020\/11\/OMEGA-FLEX-RF-Stick-Programmierpaket-01.png\",\"width\":4356,\"height\":1353},{\"@type\":\"BreadcrumbList\",\"@id\":\"https:\/\/bodensee-promotions.ch\/ces\/produkt\/omega-flex-rf-stick-set\/#breadcrumb\",\"itemListElement\":[{\"@type\":\"ListItem\",\"position\":1,\"name\":\"Startseite\",\"item\":\"https:\/\/bodensee-promotions.ch\/ces\/\"},{\"@type\":\"ListItem\",\"position\":2,\"name\":\"Shop\",\"item\":\"https:\/\/bodensee-promotions.ch\/ces\/\"},{\"@type\":\"ListItem\",\"position\":3,\"name\":\"OMEGA FLEX RF-Stick Programmierset\"}]},{\"@type\":\"WebSite\",\"@id\":\"https:\/\/bodensee-promotions.ch\/ces\/#website\",\"url\":\"https:\/\/bodensee-promotions.ch\/ces\/\",\"name\":\"CES Schliesssysteme\",\"description\":\"Eine weitere Bodensee Promotions Websites Website\",\"potentialAction\":[{\"@type\":\"SearchAction\",\"target\":{\"@type\":\"EntryPoint\",\"urlTemplate\":\"https:\/\/bodensee-promotions.ch\/ces\/?s={search_term_string}\"},\"query-input\":{\"@type\":\"PropertyValueSpecification\",\"valueRequired\":true,\"valueName\":\"search_term_string\"}}],\"inLanguage\":\"de\"}]}<\/script>\n<!-- \/ Yoast SEO plugin. -->","yoast_head_json":{"title":"OMEGA FLEX RF-Stick Programmierset - CES Schliesssysteme","description":"Berechtigungen im Schlie\u00dfger\u00e4tProgrammierung mit RF-Stick und Netbook\u2022 Berechtigungen in den Schlie\u00dfkomponenten\u2022 Komfortable Programmierung \u00fcber Funk\u2022 Standard Laptop\/Netbook verwendbar\u2022 Einfache Benutzerf\u00fchrung durch Lauflisten\u2022 Kein Netzwerk erforderlich","robots":{"index":"index","follow":"follow","max-snippet":"max-snippet:-1","max-image-preview":"max-image-preview:large","max-video-preview":"max-video-preview:-1"},"canonical":"https:\/\/bodensee-promotions.ch\/ces\/produkt\/omega-flex-rf-stick-set\/","og_locale":"de_DE","og_type":"article","og_title":"OMEGA FLEX RF-Stick Programmierset - CES Schliesssysteme","og_description":"Berechtigungen im Schlie\u00dfger\u00e4tProgrammierung mit RF-Stick und Netbook\u2022 Berechtigungen in den Schlie\u00dfkomponenten\u2022 Komfortable Programmierung \u00fcber Funk\u2022 Standard Laptop\/Netbook verwendbar\u2022 Einfache Benutzerf\u00fchrung durch Lauflisten\u2022 Kein Netzwerk erforderlich","og_url":"https:\/\/bodensee-promotions.ch\/ces\/produkt\/omega-flex-rf-stick-set\/","og_site_name":"CES Schliesssysteme","article_modified_time":"2021-07-01T12:41:48+00:00","og_image":[{"width":4356,"height":1353,"url":"https:\/\/bodensee-promotions.ch\/ces\/wp-content\/uploads\/sites\/2\/2020\/11\/OMEGA-FLEX-RF-Stick-Programmierpaket-01.png","type":"image\/png"}],"twitter_card":"summary_large_image","schema":{"@context":"https:\/\/schema.org","@graph":[{"@type":"WebPage","@id":"https:\/\/bodensee-promotions.ch\/ces\/produkt\/omega-flex-rf-stick-set\/","url":"https:\/\/bodensee-promotions.ch\/ces\/produkt\/omega-flex-rf-stick-set\/","name":"OMEGA FLEX RF-Stick Programmierset - CES Schliesssysteme","isPartOf":{"@id":"https:\/\/bodensee-promotions.ch\/ces\/#website"},"primaryImageOfPage":{"@id":"https:\/\/bodensee-promotions.ch\/ces\/produkt\/omega-flex-rf-stick-set\/#primaryimage"},"image":{"@id":"https:\/\/bodensee-promotions.ch\/ces\/produkt\/omega-flex-rf-stick-set\/#primaryimage"},"thumbnailUrl":"https:\/\/bodensee-promotions.ch\/ces\/wp-content\/uploads\/sites\/2\/2020\/11\/OMEGA-FLEX-RF-Stick-Programmierpaket-01.png","datePublished":"2020-11-27T14:41:01+00:00","dateModified":"2021-07-01T12:41:48+00:00","description":"Berechtigungen im Schlie\u00dfger\u00e4tProgrammierung mit RF-Stick und Netbook\u2022 Berechtigungen in den Schlie\u00dfkomponenten\u2022 Komfortable Programmierung \u00fcber Funk\u2022 Standard Laptop\/Netbook verwendbar\u2022 Einfache Benutzerf\u00fchrung durch Lauflisten\u2022 Kein Netzwerk erforderlich","breadcrumb":{"@id":"https:\/\/bodensee-promotions.ch\/ces\/produkt\/omega-flex-rf-stick-set\/#breadcrumb"},"inLanguage":"de","potentialAction":[{"@type":"ReadAction","target":["https:\/\/bodensee-promotions.ch\/ces\/produkt\/omega-flex-rf-stick-set\/"]}]},{"@type":"ImageObject","inLanguage":"de","@id":"https:\/\/bodensee-promotions.ch\/ces\/produkt\/omega-flex-rf-stick-set\/#primaryimage","url":"https:\/\/bodensee-promotions.ch\/ces\/wp-content\/uploads\/sites\/2\/2020\/11\/OMEGA-FLEX-RF-Stick-Programmierpaket-01.png","contentUrl":"https:\/\/bodensee-promotions.ch\/ces\/wp-content\/uploads\/sites\/2\/2020\/11\/OMEGA-FLEX-RF-Stick-Programmierpaket-01.png","width":4356,"height":1353},{"@type":"BreadcrumbList","@id":"https:\/\/bodensee-promotions.ch\/ces\/produkt\/omega-flex-rf-stick-set\/#breadcrumb","itemListElement":[{"@type":"ListItem","position":1,"name":"Startseite","item":"https:\/\/bodensee-promotions.ch\/ces\/"},{"@type":"ListItem","position":2,"name":"Shop","item":"https:\/\/bodensee-promotions.ch\/ces\/"},{"@type":"ListItem","position":3,"name":"OMEGA FLEX RF-Stick Programmierset"}]},{"@type":"WebSite","@id":"https:\/\/bodensee-promotions.ch\/ces\/#website","url":"https:\/\/bodensee-promotions.ch\/ces\/","name":"CES Schliesssysteme","description":"Eine weitere Bodensee Promotions Websites Website","potentialAction":[{"@type":"SearchAction","target":{"@type":"EntryPoint","urlTemplate":"https:\/\/bodensee-promotions.ch\/ces\/?s={search_term_string}"},"query-input":{"@type":"PropertyValueSpecification","valueRequired":true,"valueName":"search_term_string"}}],"inLanguage":"de"}]}},"_links":{"self":[{"href":"https:\/\/bodensee-promotions.ch\/ces\/wp-json\/wp\/v2\/product\/334","targetHints":{"allow":["GET"]}}],"collection":[{"href":"https:\/\/bodensee-promotions.ch\/ces\/wp-json\/wp\/v2\/product"}],"about":[{"href":"https:\/\/bodensee-promotions.ch\/ces\/wp-json\/wp\/v2\/types\/product"}],"wp:featuredmedia":[{"embeddable":true,"href":"https:\/\/bodensee-promotions.ch\/ces\/wp-json\/wp\/v2\/media\/365"}],"wp:attachment":[{"href":"https:\/\/bodensee-promotions.ch\/ces\/wp-json\/wp\/v2\/media?parent=334"}],"wp:term":[{"taxonomy":"product_brand","embeddable":true,"href":"https:\/\/bodensee-promotions.ch\/ces\/wp-json\/wp\/v2\/product_brand?post=334"},{"taxonomy":"product_cat","embeddable":true,"href":"https:\/\/bodensee-promotions.ch\/ces\/wp-json\/wp\/v2\/product_cat?post=334"},{"taxonomy":"product_tag","embeddable":true,"href":"https:\/\/bodensee-promotions.ch\/ces\/wp-json\/wp\/v2\/product_tag?post=334"}],"curies":[{"name":"wp","href":"https:\/\/api.w.org\/{rel}","templated":true}]}}