{"id":227,"date":"2020-09-16T15:01:36","date_gmt":"2020-09-16T13:01:36","guid":{"rendered":"https:\/\/bodensee-promotions.ch\/ces\/?post_type=product&#038;p=227"},"modified":"2020-12-07T10:49:55","modified_gmt":"2020-12-07T09:49:55","slug":"ces-omegaflex-home-office-set","status":"publish","type":"product","link":"https:\/\/bodensee-promotions.ch\/ces\/produkt\/ces-omegaflex-home-office-set\/","title":{"rendered":"CES OMEGAFLEX Home &#038; Office Set"},"content":{"rendered":"<p>Home &#038; Office Set<br \/>\nDer elektronische Schlie\u00dfzylinder f\u00fcr Ihr Zuhause<br \/>\nMit dem CES OMEGA FLEX Home &#038; Office Set bietet CES eine innovative und flexible M\u00f6glichkeit zur elektronischen Absicherung von Einfamilienh\u00e4usern und Wohnungen sowie kleineren Gewerbebetrieben.<\/p>\n<p>Das Set enth\u00e4lt einen Elektronikzylinder mit insgesamt f\u00fcnf vorprogrammierten Schlie\u00dfmedien f\u00fcr die ganze Familie.<\/p>\n<p><strong>Somit ist das Home &#038; Office Set sofort einsatzbereit.<\/strong><\/p>\n<p>So einfach sichern Sie Ihre Haus- und Wohnungst\u00fcr mit einem Elektronikzylinder.<br \/>\nMachen Sie Ihren Zugang Smart!<br \/>\nSchnell installiert<br \/>\nDer Einbau in der T\u00fcr ist \u00fcberaus einfach: Die Bauform des Elektronikzylinders entspricht der eines Mechanikzylinders \u2013 einfach den Mechanikzylinder ausbauen, Elektronikzylinder einbauen, fertig.<\/p>\n<p><strong>Einbruchschutz<\/strong><br \/>\nGegen Einbruchversuche bietet der Elektronikzylinder einen hohen Schutz. Er ist mit einem Ziehschutz versehen und vom VdS (VdS Schadenverh\u00fctung GmbH) anerkannt.<\/p>\n<p><strong>Programmieren ohne PC &#038; Software<\/strong><br \/>\nF\u00fcr die Programmierung wird weder Software noch ein PC ben\u00f6tigt. Das Home &#038; Office Set ist werksseitig vorprogrammiert. \u00c4nderungen erfolgen \u00fcber die Programmiermedien direkt am Schlie\u00dfzylinder.<\/p>\n<p><strong>Reaktionsschnell bei Schl\u00fcsselverlust<\/strong><br \/>\nGeht ein Schl\u00fcssel verloren, wird er im System gel\u00f6scht. Das erfolgt mit einem zus\u00e4tzlichen Ersatzschl\u00fcssel, der sofort ohne Programmierung verwendet werden kann und gleichzeitig den verlorenen Schl\u00fcssel sperrt.<\/p>\n","protected":false},"excerpt":{"rendered":"<div class=\"headline-box \">\n<h3>Einfache Montage<\/h3>\n<p><span class=\"subheadline\">Ihr Home &amp; Office Set enth\u00e4lt:<\/span><\/p>\n<\/div>\n<div>\n<ul>\n<li>1 x VdS anerkannter Elektronikzylinder mit erh\u00f6htem Einbruchschutz<\/li>\n<li>3 x Programmiermedien<\/li>\n<li>5 x Schl\u00fcssel (in Form von Premium-Schl\u00fcsselanh\u00e4ngern)<\/li>\n<li>Zubeh\u00f6r: Betriebsbatterie, Befestigungsschraube und Montagewerkzeug<\/li>\n<\/ul>\n<p>&nbsp;<\/p>\n<p><iframe loading=\"lazy\" width=\"566\" height=\"323\" src=\"https:\/\/www.youtube.com\/embed\/p2pMMTPOIFQ\" frameborder=\"0\" allow=\"accelerometer; autoplay; clipboard-write; encrypted-media; gyroscope; picture-in-picture\" allowfullscreen><\/iframe><\/p>\n<\/div>\n","protected":false},"featured_media":225,"template":"","meta":{"_et_pb_use_builder":"off","_et_pb_old_content":"Home & Office Set\r\nDer elektronische Schlie\u00dfzylinder f\u00fcr Ihr Zuhause\r\nMit dem CES OMEGA FLEX Home & Office Set bietet CES eine innovative und flexible M\u00f6glichkeit zur elektronischen Absicherung von Einfamilienh\u00e4usern und Wohnungen sowie kleineren Gewerbebetrieben.\r\n\r\nDas Set enth\u00e4lt einen Elektronikzylinder mit insgesamt f\u00fcnf vorprogrammierten Schlie\u00dfmedien f\u00fcr die ganze Familie.\r\n\r\n<strong>Somit ist das Home & Office Set sofort einsatzbereit.<\/strong>\r\n\r\nSo einfach sichern Sie Ihre Haus- und Wohnungst\u00fcr mit einem Elektronikzylinder.\r\nMachen Sie Ihren Zugang Smart!\r\nSchnell installiert\r\nDer Einbau in der T\u00fcr ist \u00fcberaus einfach: Die Bauform des Elektronikzylinders entspricht der eines Mechanikzylinders \u2013 einfach den Mechanikzylinder ausbauen, Elektronikzylinder einbauen, fertig.\r\n\r\n<strong>Einbruchschutz<\/strong>\r\nGegen Einbruchversuche bietet der Elektronikzylinder einen hohen Schutz. Er ist mit einem Ziehschutz versehen und vom VdS (VdS Schadenverh\u00fctung GmbH) anerkannt.\r\n\r\n<strong>Programmieren ohne PC & Software<\/strong>\r\nF\u00fcr die Programmierung wird weder Software noch ein PC ben\u00f6tigt. Das Home & Office Set ist werksseitig vorprogrammiert. \u00c4nderungen erfolgen \u00fcber die Programmiermedien direkt am Schlie\u00dfzylinder.\r\n\r\n<strong>Reaktionsschnell bei Schl\u00fcsselverlust<\/strong>\r\nGeht ein Schl\u00fcssel verloren, wird er im System gel\u00f6scht. Das erfolgt mit einem zus\u00e4tzlichen Ersatzschl\u00fcssel, der sofort ohne Programmierung verwendet werden kann und gleichzeitig den verlorenen Schl\u00fcssel sperrt.","_et_gb_content_width":""},"product_brand":[],"product_cat":[15],"product_tag":[],"class_list":{"0":"post-227","1":"product","2":"type-product","3":"status-publish","4":"has-post-thumbnail","6":"product_cat-home-and-office-set","8":"first","9":"outofstock","10":"shipping-taxable","11":"purchasable","12":"product-type-simple"},"yoast_head":"<!-- This site is optimized with the Yoast SEO plugin v25.5 - https:\/\/yoast.com\/wordpress\/plugins\/seo\/ -->\n<title>CES OMEGAFLEX Home &amp; Office Set - CES Schliesssysteme<\/title>\n<meta name=\"robots\" content=\"index, follow, max-snippet:-1, max-image-preview:large, max-video-preview:-1\" \/>\n<link rel=\"canonical\" href=\"https:\/\/bodensee-promotions.ch\/ces\/produkt\/ces-omegaflex-home-office-set\/\" \/>\n<meta property=\"og:locale\" content=\"de_DE\" \/>\n<meta property=\"og:type\" content=\"article\" \/>\n<meta property=\"og:title\" content=\"CES OMEGAFLEX Home &amp; Office Set - CES Schliesssysteme\" \/>\n<meta property=\"og:description\" content=\"Einfache Montage Ihr Home &amp; Office Set enth\u00e4lt:      1 x VdS anerkannter Elektronikzylinder mit erh\u00f6htem Einbruchschutz  3 x Programmiermedien  5 x Schl\u00fcssel (in Form von Premium-Schl\u00fcsselanh\u00e4ngern)  Zubeh\u00f6r: Betriebsbatterie, Befestigungsschraube und Montagewerkzeug  &nbsp;\" \/>\n<meta property=\"og:url\" content=\"https:\/\/bodensee-promotions.ch\/ces\/produkt\/ces-omegaflex-home-office-set\/\" \/>\n<meta property=\"og:site_name\" content=\"CES Schliesssysteme\" \/>\n<meta property=\"article:modified_time\" content=\"2020-12-07T09:49:55+00:00\" \/>\n<meta property=\"og:image\" content=\"https:\/\/bodensee-promotions.ch\/ces\/wp-content\/uploads\/sites\/2\/2020\/09\/CES-Home-and-Office-Set-Verpackung.jpg\" \/>\n\t<meta property=\"og:image:width\" content=\"1920\" \/>\n\t<meta property=\"og:image:height\" content=\"1080\" \/>\n\t<meta property=\"og:image:type\" content=\"image\/jpeg\" \/>\n<meta name=\"twitter:card\" content=\"summary_large_image\" \/>\n<meta name=\"twitter:label1\" content=\"Gesch\u00e4tzte Lesezeit\" \/>\n\t<meta name=\"twitter:data1\" content=\"1\u00a0Minute\" \/>\n<script type=\"application\/ld+json\" class=\"yoast-schema-graph\">{\"@context\":\"https:\/\/schema.org\",\"@graph\":[{\"@type\":\"WebPage\",\"@id\":\"https:\/\/bodensee-promotions.ch\/ces\/produkt\/ces-omegaflex-home-office-set\/\",\"url\":\"https:\/\/bodensee-promotions.ch\/ces\/produkt\/ces-omegaflex-home-office-set\/\",\"name\":\"CES OMEGAFLEX Home & Office Set - CES Schliesssysteme\",\"isPartOf\":{\"@id\":\"https:\/\/bodensee-promotions.ch\/ces\/#website\"},\"primaryImageOfPage\":{\"@id\":\"https:\/\/bodensee-promotions.ch\/ces\/produkt\/ces-omegaflex-home-office-set\/#primaryimage\"},\"image\":{\"@id\":\"https:\/\/bodensee-promotions.ch\/ces\/produkt\/ces-omegaflex-home-office-set\/#primaryimage\"},\"thumbnailUrl\":\"https:\/\/bodensee-promotions.ch\/ces\/wp-content\/uploads\/sites\/2\/2020\/09\/CES-Home-and-Office-Set-Verpackung.jpg\",\"datePublished\":\"2020-09-16T13:01:36+00:00\",\"dateModified\":\"2020-12-07T09:49:55+00:00\",\"breadcrumb\":{\"@id\":\"https:\/\/bodensee-promotions.ch\/ces\/produkt\/ces-omegaflex-home-office-set\/#breadcrumb\"},\"inLanguage\":\"de\",\"potentialAction\":[{\"@type\":\"ReadAction\",\"target\":[\"https:\/\/bodensee-promotions.ch\/ces\/produkt\/ces-omegaflex-home-office-set\/\"]}]},{\"@type\":\"ImageObject\",\"inLanguage\":\"de\",\"@id\":\"https:\/\/bodensee-promotions.ch\/ces\/produkt\/ces-omegaflex-home-office-set\/#primaryimage\",\"url\":\"https:\/\/bodensee-promotions.ch\/ces\/wp-content\/uploads\/sites\/2\/2020\/09\/CES-Home-and-Office-Set-Verpackung.jpg\",\"contentUrl\":\"https:\/\/bodensee-promotions.ch\/ces\/wp-content\/uploads\/sites\/2\/2020\/09\/CES-Home-and-Office-Set-Verpackung.jpg\",\"width\":1920,\"height\":1080},{\"@type\":\"BreadcrumbList\",\"@id\":\"https:\/\/bodensee-promotions.ch\/ces\/produkt\/ces-omegaflex-home-office-set\/#breadcrumb\",\"itemListElement\":[{\"@type\":\"ListItem\",\"position\":1,\"name\":\"Startseite\",\"item\":\"https:\/\/bodensee-promotions.ch\/ces\/\"},{\"@type\":\"ListItem\",\"position\":2,\"name\":\"Shop\",\"item\":\"https:\/\/bodensee-promotions.ch\/ces\/\"},{\"@type\":\"ListItem\",\"position\":3,\"name\":\"CES OMEGAFLEX Home &#038; Office Set\"}]},{\"@type\":\"WebSite\",\"@id\":\"https:\/\/bodensee-promotions.ch\/ces\/#website\",\"url\":\"https:\/\/bodensee-promotions.ch\/ces\/\",\"name\":\"CES Schliesssysteme\",\"description\":\"Eine weitere Bodensee Promotions Websites Website\",\"potentialAction\":[{\"@type\":\"SearchAction\",\"target\":{\"@type\":\"EntryPoint\",\"urlTemplate\":\"https:\/\/bodensee-promotions.ch\/ces\/?s={search_term_string}\"},\"query-input\":{\"@type\":\"PropertyValueSpecification\",\"valueRequired\":true,\"valueName\":\"search_term_string\"}}],\"inLanguage\":\"de\"}]}<\/script>\n<!-- \/ Yoast SEO plugin. -->","yoast_head_json":{"title":"CES OMEGAFLEX Home & Office Set - CES Schliesssysteme","robots":{"index":"index","follow":"follow","max-snippet":"max-snippet:-1","max-image-preview":"max-image-preview:large","max-video-preview":"max-video-preview:-1"},"canonical":"https:\/\/bodensee-promotions.ch\/ces\/produkt\/ces-omegaflex-home-office-set\/","og_locale":"de_DE","og_type":"article","og_title":"CES OMEGAFLEX Home & Office Set - CES Schliesssysteme","og_description":"Einfache Montage Ihr Home &amp; Office Set enth\u00e4lt:      1 x VdS anerkannter Elektronikzylinder mit erh\u00f6htem Einbruchschutz  3 x Programmiermedien  5 x Schl\u00fcssel (in Form von Premium-Schl\u00fcsselanh\u00e4ngern)  Zubeh\u00f6r: Betriebsbatterie, Befestigungsschraube und Montagewerkzeug  &nbsp;","og_url":"https:\/\/bodensee-promotions.ch\/ces\/produkt\/ces-omegaflex-home-office-set\/","og_site_name":"CES Schliesssysteme","article_modified_time":"2020-12-07T09:49:55+00:00","og_image":[{"width":1920,"height":1080,"url":"https:\/\/bodensee-promotions.ch\/ces\/wp-content\/uploads\/sites\/2\/2020\/09\/CES-Home-and-Office-Set-Verpackung.jpg","type":"image\/jpeg"}],"twitter_card":"summary_large_image","twitter_misc":{"Gesch\u00e4tzte Lesezeit":"1\u00a0Minute"},"schema":{"@context":"https:\/\/schema.org","@graph":[{"@type":"WebPage","@id":"https:\/\/bodensee-promotions.ch\/ces\/produkt\/ces-omegaflex-home-office-set\/","url":"https:\/\/bodensee-promotions.ch\/ces\/produkt\/ces-omegaflex-home-office-set\/","name":"CES OMEGAFLEX Home & Office Set - CES Schliesssysteme","isPartOf":{"@id":"https:\/\/bodensee-promotions.ch\/ces\/#website"},"primaryImageOfPage":{"@id":"https:\/\/bodensee-promotions.ch\/ces\/produkt\/ces-omegaflex-home-office-set\/#primaryimage"},"image":{"@id":"https:\/\/bodensee-promotions.ch\/ces\/produkt\/ces-omegaflex-home-office-set\/#primaryimage"},"thumbnailUrl":"https:\/\/bodensee-promotions.ch\/ces\/wp-content\/uploads\/sites\/2\/2020\/09\/CES-Home-and-Office-Set-Verpackung.jpg","datePublished":"2020-09-16T13:01:36+00:00","dateModified":"2020-12-07T09:49:55+00:00","breadcrumb":{"@id":"https:\/\/bodensee-promotions.ch\/ces\/produkt\/ces-omegaflex-home-office-set\/#breadcrumb"},"inLanguage":"de","potentialAction":[{"@type":"ReadAction","target":["https:\/\/bodensee-promotions.ch\/ces\/produkt\/ces-omegaflex-home-office-set\/"]}]},{"@type":"ImageObject","inLanguage":"de","@id":"https:\/\/bodensee-promotions.ch\/ces\/produkt\/ces-omegaflex-home-office-set\/#primaryimage","url":"https:\/\/bodensee-promotions.ch\/ces\/wp-content\/uploads\/sites\/2\/2020\/09\/CES-Home-and-Office-Set-Verpackung.jpg","contentUrl":"https:\/\/bodensee-promotions.ch\/ces\/wp-content\/uploads\/sites\/2\/2020\/09\/CES-Home-and-Office-Set-Verpackung.jpg","width":1920,"height":1080},{"@type":"BreadcrumbList","@id":"https:\/\/bodensee-promotions.ch\/ces\/produkt\/ces-omegaflex-home-office-set\/#breadcrumb","itemListElement":[{"@type":"ListItem","position":1,"name":"Startseite","item":"https:\/\/bodensee-promotions.ch\/ces\/"},{"@type":"ListItem","position":2,"name":"Shop","item":"https:\/\/bodensee-promotions.ch\/ces\/"},{"@type":"ListItem","position":3,"name":"CES OMEGAFLEX Home &#038; Office Set"}]},{"@type":"WebSite","@id":"https:\/\/bodensee-promotions.ch\/ces\/#website","url":"https:\/\/bodensee-promotions.ch\/ces\/","name":"CES Schliesssysteme","description":"Eine weitere Bodensee Promotions Websites Website","potentialAction":[{"@type":"SearchAction","target":{"@type":"EntryPoint","urlTemplate":"https:\/\/bodensee-promotions.ch\/ces\/?s={search_term_string}"},"query-input":{"@type":"PropertyValueSpecification","valueRequired":true,"valueName":"search_term_string"}}],"inLanguage":"de"}]}},"_links":{"self":[{"href":"https:\/\/bodensee-promotions.ch\/ces\/wp-json\/wp\/v2\/product\/227","targetHints":{"allow":["GET"]}}],"collection":[{"href":"https:\/\/bodensee-promotions.ch\/ces\/wp-json\/wp\/v2\/product"}],"about":[{"href":"https:\/\/bodensee-promotions.ch\/ces\/wp-json\/wp\/v2\/types\/product"}],"wp:featuredmedia":[{"embeddable":true,"href":"https:\/\/bodensee-promotions.ch\/ces\/wp-json\/wp\/v2\/media\/225"}],"wp:attachment":[{"href":"https:\/\/bodensee-promotions.ch\/ces\/wp-json\/wp\/v2\/media?parent=227"}],"wp:term":[{"taxonomy":"product_brand","embeddable":true,"href":"https:\/\/bodensee-promotions.ch\/ces\/wp-json\/wp\/v2\/product_brand?post=227"},{"taxonomy":"product_cat","embeddable":true,"href":"https:\/\/bodensee-promotions.ch\/ces\/wp-json\/wp\/v2\/product_cat?post=227"},{"taxonomy":"product_tag","embeddable":true,"href":"https:\/\/bodensee-promotions.ch\/ces\/wp-json\/wp\/v2\/product_tag?post=227"}],"curies":[{"name":"wp","href":"https:\/\/api.w.org\/{rel}","templated":true}]}}