{"id":18,"date":"2020-05-28T14:20:06","date_gmt":"2020-05-28T12:20:06","guid":{"rendered":"https:\/\/bodensee-promotions.ch\/ces\/shop\/"},"modified":"2021-09-14T10:29:31","modified_gmt":"2021-09-14T08:29:31","slug":"shop","status":"publish","type":"page","link":"https:\/\/bodensee-promotions.ch\/ces\/","title":{"rendered":"Shop"},"content":{"rendered":"<p>[et_pb_section fb_built=&#8220;1&#8243; _builder_version=&#8220;4.4.7&#8243; global_colors_info=&#8220;{}&#8220;][et_pb_row column_structure=&#8220;3_5,2_5&#8243; _builder_version=&#8220;4.6.6&#8243; _module_preset=&#8220;default&#8220; global_colors_info=&#8220;{}&#8220;][et_pb_column type=&#8220;3_5&#8243; _builder_version=&#8220;4.6.6&#8243; _module_preset=&#8220;default&#8220; global_colors_info=&#8220;{}&#8220;][et_pb_image src=&#8220;https:\/\/bodensee-promotions.ch\/ces\/wp-content\/uploads\/sites\/2\/2021\/01\/ces-omegaflex-tuere.jpg&#8220; title_text=&#8220;ces-omegaflex-t\u00fcre&#8220; url=&#8220;https:\/\/bodensee-promotions.ch\/ces\/wp-content\/uploads\/sites\/2\/2020\/11\/Systembroschuere-Omegaflex-DE.pdf&#8220; url_new_window=&#8220;on&#8220; _builder_version=&#8220;4.7.7&#8243; _module_preset=&#8220;default&#8220; global_colors_info=&#8220;{}&#8220;][\/et_pb_image][\/et_pb_column][et_pb_column type=&#8220;2_5&#8243; _builder_version=&#8220;4.6.6&#8243; _module_preset=&#8220;default&#8220; global_colors_info=&#8220;{}&#8220;][et_pb_text _builder_version=&#8220;4.10.1&#8243; _module_preset=&#8220;default&#8220; text_orientation=&#8220;justified&#8220; hover_enabled=&#8220;0&#8243; global_colors_info=&#8220;{}&#8220; text_font=&#8220;Titilum||||||||&#8220; sticky_enabled=&#8220;0&#8243;]<\/p>\n<h2>CES OMEGA FLEX<\/h2>\n<h4><strong>Mehr als \u00d6ffnen und Schlie\u00dfen<\/strong><\/h4>\n<p>Benutzerfreundliche Zutrittskontrollle<\/p>\n<p>Von batteriebetriebenen Elektronikzylindern und Elektronikbeschl\u00e4gen bis hin zu Wandterminals \u2013 die mechatronischen Komponenten von CES OMEGA FLEX sind ohne aufwendige Bauma\u00dfnahmen in s\u00e4mtliche T\u00fcrsituationen integrierbar.<\/p>\n<p>Ob Sie f\u00fcr einige wenige T\u00fcren und Nutzer oder mehrere Hundert T\u00fcren und viele wechselnde Nutzer ein elektronisches Schlie\u00dfsystem installieren wollen, CES OMEGA FLEX passt sich Ihren Anforderungen an.<\/p>\n<p>Einfache Montage, k\u00fcrzeste Installationszeiten und flexible M\u00f6glichkeiten der Programmierung und Verwaltung (online, offline, virtuell) sprechen f\u00fcr das elektronische Schlie\u00dfsystem CES OMEGA FLEX.<\/p>\n<p>&nbsp;<\/p>\n<p>[\/et_pb_text][et_pb_button button_url=&#8220;https:\/\/bodensee-promotions.ch\/ces\/wp-content\/uploads\/sites\/2\/2021\/01\/Systembroschuere-Omegaflex-DE.pdf&#8220; url_new_window=&#8220;on&#8220; button_text=&#8220;Systembrosch\u00fcre Omegaflex&#8220; button_alignment=&#8220;center&#8220; _builder_version=&#8220;4.7.7&#8243; _module_preset=&#8220;default&#8220; global_colors_info=&#8220;{}&#8220;][\/et_pb_button][\/et_pb_column][\/et_pb_row][et_pb_row _builder_version=&#8220;4.6.6&#8243; _module_preset=&#8220;default&#8220; global_colors_info=&#8220;{}&#8220;][et_pb_column type=&#8220;4_4&#8243; _builder_version=&#8220;4.6.6&#8243; _module_preset=&#8220;default&#8220; global_colors_info=&#8220;{}&#8220;][et_pb_divider _builder_version=&#8220;4.6.6&#8243; _module_preset=&#8220;default&#8220; global_colors_info=&#8220;{}&#8220;][\/et_pb_divider][\/et_pb_column][\/et_pb_row][et_pb_row column_structure=&#8220;1_4,3_4&#8243; _builder_version=&#8220;4.4.7&#8243; global_colors_info=&#8220;{}&#8220;][et_pb_column type=&#8220;1_4&#8243; _builder_version=&#8220;4.4.7&#8243; global_colors_info=&#8220;{}&#8220;][et_pb_sidebar _builder_version=&#8220;4.4.7&#8243; global_colors_info=&#8220;{}&#8220;][\/et_pb_sidebar][\/et_pb_column][et_pb_column type=&#8220;3_4&#8243; _builder_version=&#8220;4.4.7&#8243; global_colors_info=&#8220;{}&#8220;][et_pb_shop type=&#8220;product_category&#8220; include_categories=&#8220;all&#8220; _builder_version=&#8220;4.6.6&#8243; global_colors_info=&#8220;{}&#8220;][\/et_pb_shop][\/et_pb_column][\/et_pb_row][et_pb_row _builder_version=&#8220;4.6.6&#8243; _module_preset=&#8220;default&#8220; global_colors_info=&#8220;{}&#8220;][et_pb_column type=&#8220;4_4&#8243; _builder_version=&#8220;4.6.6&#8243; _module_preset=&#8220;default&#8220; global_colors_info=&#8220;{}&#8220;][et_pb_divider _builder_version=&#8220;4.6.6&#8243; _module_preset=&#8220;default&#8220; global_colors_info=&#8220;{}&#8220;][\/et_pb_divider][\/et_pb_column][\/et_pb_row][et_pb_row column_structure=&#8220;2_5,3_5&#8243; _builder_version=&#8220;4.6.6&#8243; _module_preset=&#8220;default&#8220; global_colors_info=&#8220;{}&#8220;][et_pb_column type=&#8220;2_5&#8243; _builder_version=&#8220;4.6.6&#8243; _module_preset=&#8220;default&#8220; global_colors_info=&#8220;{}&#8220;][et_pb_text _builder_version=&#8220;4.6.6&#8243; _module_preset=&#8220;default&#8220; global_colors_info=&#8220;{}&#8220;]<\/p>\n<div class=\"cell  medium-6 small-12 \">\n<div class=\"headline-box \">\n<h4>So einfach l\u00e4sst sich der elektronische Zylinder montieren<\/h4>\n<p><span class=\"subheadline\">Schneller Austausch<\/span><\/div>\n<div>\n<ul>\n<li>einfache Montage<\/li>\n<li>alter Zylinder raus &#8211; neuer Zylinder rein<\/li>\n<li>einfache Programmierung<\/li>\n<\/ul>\n<\/div>\n<\/div>\n<p>[\/et_pb_text][\/et_pb_column][et_pb_column type=&#8220;3_5&#8243; _builder_version=&#8220;4.6.6&#8243; _module_preset=&#8220;default&#8220; global_colors_info=&#8220;{}&#8220;][et_pb_code admin_label=&#8220;Code&#8220; _builder_version=&#8220;4.6.6&#8243; _module_preset=&#8220;default&#8220; global_colors_info=&#8220;{}&#8220;]<iframe loading=\"lazy\" width=\"560\" height=\"315\" src=\"https:\/\/www.youtube-nocookie.com\/embed\/itA5xsv5J70\" frameborder=\"0\" allow=\"accelerometer; autoplay; clipboard-write; encrypted-media; gyroscope; picture-in-picture\" allowfullscreen><\/iframe>[\/et_pb_code][\/et_pb_column][\/et_pb_row][\/et_pb_section][et_pb_section fb_built=&#8220;1&#8243; _builder_version=&#8220;4.9.4&#8243; _module_preset=&#8220;default&#8220; background_color=&#8220;#0C71C3&#8243; global_colors_info=&#8220;{}&#8220;][et_pb_row column_structure=&#8220;1_4,1_4,1_4,1_4&#8243; _builder_version=&#8220;4.9.4&#8243; _module_preset=&#8220;default&#8220; global_colors_info=&#8220;{}&#8220;][et_pb_column type=&#8220;1_4&#8243; _builder_version=&#8220;4.9.4&#8243; _module_preset=&#8220;default&#8220; global_colors_info=&#8220;{}&#8220;][et_pb_text _builder_version=&#8220;4.9.4&#8243; _module_preset=&#8220;default&#8220; text_text_color=&#8220;#FFFFFF&#8220; global_colors_info=&#8220;{}&#8220;]Bodensee Promotions GmbH<br \/>\nHauptstrasse 100<br \/>\nCH-8274 T\u00e4gerwilen<\/p>\n<p>+41 71 669 34 40<br \/>\ninfo(at)bopro.ch[\/et_pb_text][\/et_pb_column][et_pb_column type=&#8220;1_4&#8243; _builder_version=&#8220;4.9.4&#8243; _module_preset=&#8220;default&#8220; global_colors_info=&#8220;{}&#8220;][\/et_pb_column][et_pb_column type=&#8220;1_4&#8243; _builder_version=&#8220;4.9.4&#8243; _module_preset=&#8220;default&#8220; global_colors_info=&#8220;{}&#8220;][\/et_pb_column][et_pb_column type=&#8220;1_4&#8243; _builder_version=&#8220;4.9.4&#8243; _module_preset=&#8220;default&#8220; global_colors_info=&#8220;{}&#8220;][\/et_pb_column][\/et_pb_row][\/et_pb_section]<\/p>\n","protected":false},"excerpt":{"rendered":"<p>CES OMEGA FLEX Mehr als \u00d6ffnen und Schlie\u00dfen Benutzerfreundliche Zutrittskontrollle Von batteriebetriebenen Elektronikzylindern und Elektronikbeschl\u00e4gen bis hin zu Wandterminals \u2013 die mechatronischen Komponenten von CES OMEGA FLEX sind ohne aufwendige Bauma\u00dfnahmen in s\u00e4mtliche T\u00fcrsituationen integrierbar. Ob Sie f\u00fcr einige wenige T\u00fcren und Nutzer oder mehrere Hundert T\u00fcren und viele wechselnde Nutzer ein elektronisches Schlie\u00dfsystem installieren [&hellip;]<\/p>\n","protected":false},"author":1,"featured_media":0,"parent":0,"menu_order":0,"comment_status":"closed","ping_status":"closed","template":"","meta":{"_et_pb_use_builder":"on","_et_pb_old_content":"","_et_gb_content_width":"","footnotes":""},"class_list":["post-18","page","type-page","status-publish","hentry"],"yoast_head":"<!-- This site is optimized with the Yoast SEO plugin v25.5 - https:\/\/yoast.com\/wordpress\/plugins\/seo\/ -->\n<title>Shop - CES Schliesssysteme<\/title>\n<meta name=\"robots\" content=\"index, follow, max-snippet:-1, max-image-preview:large, max-video-preview:-1\" \/>\n<link rel=\"canonical\" href=\"https:\/\/bodensee-promotions.ch\/ces\/\" \/>\n<meta property=\"og:locale\" content=\"de_DE\" \/>\n<meta property=\"og:type\" content=\"article\" \/>\n<meta property=\"og:title\" content=\"Shop - CES Schliesssysteme\" \/>\n<meta property=\"og:description\" content=\"CES OMEGA FLEX Mehr als \u00d6ffnen und Schlie\u00dfen Benutzerfreundliche Zutrittskontrollle Von batteriebetriebenen Elektronikzylindern und Elektronikbeschl\u00e4gen bis hin zu Wandterminals \u2013 die mechatronischen Komponenten von CES OMEGA FLEX sind ohne aufwendige Bauma\u00dfnahmen in s\u00e4mtliche T\u00fcrsituationen integrierbar. Ob Sie f\u00fcr einige wenige T\u00fcren und Nutzer oder mehrere Hundert T\u00fcren und viele wechselnde Nutzer ein elektronisches Schlie\u00dfsystem installieren [&hellip;]\" \/>\n<meta property=\"og:url\" content=\"https:\/\/bodensee-promotions.ch\/ces\/\" \/>\n<meta property=\"og:site_name\" content=\"CES Schliesssysteme\" \/>\n<meta property=\"article:modified_time\" content=\"2021-09-14T08:29:31+00:00\" \/>\n<meta name=\"twitter:card\" content=\"summary_large_image\" \/>\n<meta name=\"twitter:label1\" content=\"Gesch\u00e4tzte Lesezeit\" \/>\n\t<meta name=\"twitter:data1\" content=\"3\u00a0Minuten\" \/>\n<script type=\"application\/ld+json\" class=\"yoast-schema-graph\">{\"@context\":\"https:\/\/schema.org\",\"@graph\":[{\"@type\":\"WebPage\",\"@id\":\"https:\/\/bodensee-promotions.ch\/ces\/\",\"url\":\"https:\/\/bodensee-promotions.ch\/ces\/\",\"name\":\"Shop - CES Schliesssysteme\",\"isPartOf\":{\"@id\":\"https:\/\/bodensee-promotions.ch\/ces\/#website\"},\"datePublished\":\"2020-05-28T12:20:06+00:00\",\"dateModified\":\"2021-09-14T08:29:31+00:00\",\"breadcrumb\":{\"@id\":\"https:\/\/bodensee-promotions.ch\/ces\/#breadcrumb\"},\"inLanguage\":\"de\",\"potentialAction\":[{\"@type\":\"ReadAction\",\"target\":[\"https:\/\/bodensee-promotions.ch\/ces\/\"]}]},{\"@type\":\"BreadcrumbList\",\"@id\":\"https:\/\/bodensee-promotions.ch\/ces\/#breadcrumb\",\"itemListElement\":[{\"@type\":\"ListItem\",\"position\":1,\"name\":\"Startseite\",\"item\":\"https:\/\/bodensee-promotions.ch\/ces\/\"},{\"@type\":\"ListItem\",\"position\":2,\"name\":\"Shop\"}]},{\"@type\":\"WebSite\",\"@id\":\"https:\/\/bodensee-promotions.ch\/ces\/#website\",\"url\":\"https:\/\/bodensee-promotions.ch\/ces\/\",\"name\":\"CES Schliesssysteme\",\"description\":\"Eine weitere Bodensee Promotions Websites Website\",\"potentialAction\":[{\"@type\":\"SearchAction\",\"target\":{\"@type\":\"EntryPoint\",\"urlTemplate\":\"https:\/\/bodensee-promotions.ch\/ces\/?s={search_term_string}\"},\"query-input\":{\"@type\":\"PropertyValueSpecification\",\"valueRequired\":true,\"valueName\":\"search_term_string\"}}],\"inLanguage\":\"de\"}]}<\/script>\n<!-- \/ Yoast SEO plugin. -->","yoast_head_json":{"title":"Shop - CES Schliesssysteme","robots":{"index":"index","follow":"follow","max-snippet":"max-snippet:-1","max-image-preview":"max-image-preview:large","max-video-preview":"max-video-preview:-1"},"canonical":"https:\/\/bodensee-promotions.ch\/ces\/","og_locale":"de_DE","og_type":"article","og_title":"Shop - CES Schliesssysteme","og_description":"CES OMEGA FLEX Mehr als \u00d6ffnen und Schlie\u00dfen Benutzerfreundliche Zutrittskontrollle Von batteriebetriebenen Elektronikzylindern und Elektronikbeschl\u00e4gen bis hin zu Wandterminals \u2013 die mechatronischen Komponenten von CES OMEGA FLEX sind ohne aufwendige Bauma\u00dfnahmen in s\u00e4mtliche T\u00fcrsituationen integrierbar. Ob Sie f\u00fcr einige wenige T\u00fcren und Nutzer oder mehrere Hundert T\u00fcren und viele wechselnde Nutzer ein elektronisches Schlie\u00dfsystem installieren [&hellip;]","og_url":"https:\/\/bodensee-promotions.ch\/ces\/","og_site_name":"CES Schliesssysteme","article_modified_time":"2021-09-14T08:29:31+00:00","twitter_card":"summary_large_image","twitter_misc":{"Gesch\u00e4tzte Lesezeit":"3\u00a0Minuten"},"schema":{"@context":"https:\/\/schema.org","@graph":[{"@type":"WebPage","@id":"https:\/\/bodensee-promotions.ch\/ces\/","url":"https:\/\/bodensee-promotions.ch\/ces\/","name":"Shop - CES Schliesssysteme","isPartOf":{"@id":"https:\/\/bodensee-promotions.ch\/ces\/#website"},"datePublished":"2020-05-28T12:20:06+00:00","dateModified":"2021-09-14T08:29:31+00:00","breadcrumb":{"@id":"https:\/\/bodensee-promotions.ch\/ces\/#breadcrumb"},"inLanguage":"de","potentialAction":[{"@type":"ReadAction","target":["https:\/\/bodensee-promotions.ch\/ces\/"]}]},{"@type":"BreadcrumbList","@id":"https:\/\/bodensee-promotions.ch\/ces\/#breadcrumb","itemListElement":[{"@type":"ListItem","position":1,"name":"Startseite","item":"https:\/\/bodensee-promotions.ch\/ces\/"},{"@type":"ListItem","position":2,"name":"Shop"}]},{"@type":"WebSite","@id":"https:\/\/bodensee-promotions.ch\/ces\/#website","url":"https:\/\/bodensee-promotions.ch\/ces\/","name":"CES Schliesssysteme","description":"Eine weitere Bodensee Promotions Websites Website","potentialAction":[{"@type":"SearchAction","target":{"@type":"EntryPoint","urlTemplate":"https:\/\/bodensee-promotions.ch\/ces\/?s={search_term_string}"},"query-input":{"@type":"PropertyValueSpecification","valueRequired":true,"valueName":"search_term_string"}}],"inLanguage":"de"}]}},"_links":{"self":[{"href":"https:\/\/bodensee-promotions.ch\/ces\/wp-json\/wp\/v2\/pages\/18","targetHints":{"allow":["GET"]}}],"collection":[{"href":"https:\/\/bodensee-promotions.ch\/ces\/wp-json\/wp\/v2\/pages"}],"about":[{"href":"https:\/\/bodensee-promotions.ch\/ces\/wp-json\/wp\/v2\/types\/page"}],"author":[{"embeddable":true,"href":"https:\/\/bodensee-promotions.ch\/ces\/wp-json\/wp\/v2\/users\/1"}],"replies":[{"embeddable":true,"href":"https:\/\/bodensee-promotions.ch\/ces\/wp-json\/wp\/v2\/comments?post=18"}],"version-history":[{"count":44,"href":"https:\/\/bodensee-promotions.ch\/ces\/wp-json\/wp\/v2\/pages\/18\/revisions"}],"predecessor-version":[{"id":241259,"href":"https:\/\/bodensee-promotions.ch\/ces\/wp-json\/wp\/v2\/pages\/18\/revisions\/241259"}],"wp:attachment":[{"href":"https:\/\/bodensee-promotions.ch\/ces\/wp-json\/wp\/v2\/media?parent=18"}],"curies":[{"name":"wp","href":"https:\/\/api.w.org\/{rel}","templated":true}]}}